{"id":15,"date":"2021-02-26T10:10:50","date_gmt":"2021-02-26T13:10:50","guid":{"rendered":"http:\/\/fabexfaculdade.com.br\/academy\/?page_id=15"},"modified":"2021-03-23T21:05:57","modified_gmt":"2021-03-24T00:05:57","slug":"meus_cursos","status":"publish","type":"page","link":"https:\/\/cbpex.com.br\/academy\/meus_cursos\/","title":{"rendered":"Minhas Matr\u00edculas"},"content":{"rendered":"<div class=\"edwiser-bridge\"><div class=\"eb-my-courses-wrapper\"><span class=\"eb-my-courses-h2\">Meus Cursos<\/span>\n\t\t\t\t\t\t<p>\n\t\t\t\tVoc\u00ea n\u00e3o est\u00e1 logado. <a href='https:\/\/cbpex.com.br\/academy\/user-account\/'>Clique aqui<\/a> Entrar. \t\t\t<\/p>\n\t\t\t<\/div><\/div>\n","protected":false},"excerpt":{"rendered":"","protected":false},"author":1,"featured_media":0,"parent":0,"menu_order":0,"comment_status":"closed","ping_status":"closed","template":"elementor_theme","meta":{"footnotes":""},"class_list":["post-15","page","type-page","status-publish","hentry"],"_links":{"self":[{"href":"https:\/\/cbpex.com.br\/academy\/wp-json\/wp\/v2\/pages\/15","targetHints":{"allow":["GET"]}}],"collection":[{"href":"https:\/\/cbpex.com.br\/academy\/wp-json\/wp\/v2\/pages"}],"about":[{"href":"https:\/\/cbpex.com.br\/academy\/wp-json\/wp\/v2\/types\/page"}],"author":[{"embeddable":true,"href":"https:\/\/cbpex.com.br\/academy\/wp-json\/wp\/v2\/users\/1"}],"replies":[{"embeddable":true,"href":"https:\/\/cbpex.com.br\/academy\/wp-json\/wp\/v2\/comments?post=15"}],"version-history":[{"count":5,"href":"https:\/\/cbpex.com.br\/academy\/wp-json\/wp\/v2\/pages\/15\/revisions"}],"predecessor-version":[{"id":1336,"href":"https:\/\/cbpex.com.br\/academy\/wp-json\/wp\/v2\/pages\/15\/revisions\/1336"}],"wp:attachment":[{"href":"https:\/\/cbpex.com.br\/academy\/wp-json\/wp\/v2\/media?parent=15"}],"curies":[{"name":"wp","href":"https:\/\/api.w.org\/{rel}","templated":true}]}}