{"id":144,"date":"2021-02-26T10:31:12","date_gmt":"2021-02-26T13:31:12","guid":{"rendered":"https:\/\/fabexfaculdade.com.br\/academy\/?product=especializacao-em-sexualidade-humana"},"modified":"2024-01-04T10:55:14","modified_gmt":"2024-01-04T13:55:14","slug":"especializacao-em-sexualidade-humana","status":"publish","type":"product","link":"https:\/\/cbpex.com.br\/academy\/produto\/especializacao-em-sexualidade-humana\/","title":{"rendered":"P\u00f3s &#8211; Sexualidade Humana"},"content":{"rendered":"","protected":false},"excerpt":{"rendered":"<h3>Hist\u00f3ria da Sexualidade.<br \/>\nBases Anat\u00f4micas e Fisiol\u00f3gicas da Sexualidade Humana<br \/>\nDesenvolvimento Humano e Sexualidade<br \/>\nPsicologia das Rela\u00e7\u00f5es Humanas e Sexualidade<br \/>\nMetodologia do Trabalho Cient\u00edfico I<br \/>\nDisfun\u00e7\u00f5es Sexuais<br \/>\nTratamento das Disfun\u00e7\u00f5es Sexuais Masculina e Feminina<br \/>\nPsicologia e Psicopatologia da Sexualidade Humana<br \/>\nVaria\u00e7\u00f5es da Pratica Sexual: Dimens\u00e3o Antropol\u00f3gica e Cultural<br \/>\n\u00c9tica e Bio\u00e9tica<br \/>\nFundamentos da Terapia e da Sexologia Cl\u00ednica<br \/>\nMetodologia do Ensino Superior<br \/>\nEduca\u00e7\u00e3o Sexual<br \/>\nMetodologia do Trabalho Cient\u00edfico II<br \/>\nTrabalho de Conclus\u00e3o de Curso &#8211; TCC<\/h3>\n","protected":false},"featured_media":800,"template":"","meta":[],"product_cat":[54,20],"product_tag":[],"class_list":{"0":"post-144","1":"product","2":"type-product","3":"status-publish","4":"has-post-thumbnail","6":"product_cat-pos_promo","7":"product_cat-pos-graduacao-especializacao","9":"first","10":"instock","11":"featured","12":"downloadable","13":"virtual","14":"sold-individually","15":"taxable","16":"purchasable","17":"product-type-simple"},"_links":{"self":[{"href":"https:\/\/cbpex.com.br\/academy\/wp-json\/wp\/v2\/product\/144","targetHints":{"allow":["GET"]}}],"collection":[{"href":"https:\/\/cbpex.com.br\/academy\/wp-json\/wp\/v2\/product"}],"about":[{"href":"https:\/\/cbpex.com.br\/academy\/wp-json\/wp\/v2\/types\/product"}],"version-history":[{"count":4,"href":"https:\/\/cbpex.com.br\/academy\/wp-json\/wp\/v2\/product\/144\/revisions"}],"predecessor-version":[{"id":3498,"href":"https:\/\/cbpex.com.br\/academy\/wp-json\/wp\/v2\/product\/144\/revisions\/3498"}],"wp:featuredmedia":[{"embeddable":true,"href":"https:\/\/cbpex.com.br\/academy\/wp-json\/wp\/v2\/media\/800"}],"wp:attachment":[{"href":"https:\/\/cbpex.com.br\/academy\/wp-json\/wp\/v2\/media?parent=144"}],"wp:term":[{"taxonomy":"product_cat","embeddable":true,"href":"https:\/\/cbpex.com.br\/academy\/wp-json\/wp\/v2\/product_cat?post=144"},{"taxonomy":"product_tag","embeddable":true,"href":"https:\/\/cbpex.com.br\/academy\/wp-json\/wp\/v2\/product_tag?post=144"}],"curies":[{"name":"wp","href":"https:\/\/api.w.org\/{rel}","templated":true}]}}