{"id":145,"date":"2021-02-26T10:31:12","date_gmt":"2021-02-26T13:31:12","guid":{"rendered":"https:\/\/fabexfaculdade.com.br\/academy\/?product=especializacao-em-saude-mental"},"modified":"2024-01-04T10:55:47","modified_gmt":"2024-01-04T13:55:47","slug":"especializacao-em-saude-mental","status":"publish","type":"product","link":"https:\/\/cbpex.com.br\/academy\/produto\/especializacao-em-saude-mental\/","title":{"rendered":"P\u00f3s &#8211; Sa\u00fade Mental"},"content":{"rendered":"","protected":false},"excerpt":{"rendered":"<h3>Psicopatologia.<br \/>\nEpidemiologia Aplicada \u00e0 Sa\u00fade Mental.<br \/>\nMetodologia do Trabalho Cient\u00edfico I<br \/>\n\u00c9tica e Bio\u00e9tica.<br \/>\nPsicologia e Sa\u00fade Mental.<br \/>\nFarmacologia Aplicada a Sa\u00fade Mental.<br \/>\nEmerg\u00eancias Psiqui\u00e1tricas<br \/>\nAten\u00e7\u00e3o \u00e0 Crian\u00e7a e ao Adolescente em Sa\u00fade Mental.<br \/>\nDepend\u00eancia Qu\u00edmica: Alternativas de A\u00e7\u00e3o.<br \/>\nAten\u00e7\u00e3o \u00e0 Sa\u00fade Mental: Hist\u00f3rico, Fundamentos e Diretrizes Operacionais.<br \/>\nReabilita\u00e7\u00e3o Psicossocial.<br \/>\nDiagn\u00f3stico e Princ\u00edpios de Manejo Cl\u00ednico das Psicoses e Neuroses.<br \/>\nMetodologia do Ensino Superior.<br \/>\nMetodologia do Trabalho Cient\u00edfico II<br \/>\nTrabalho de Conclus\u00e3o de Curso &#8211; TCC<\/h3>\n","protected":false},"featured_media":791,"template":"","meta":[],"product_cat":[54,20],"product_tag":[],"class_list":{"0":"post-145","1":"product","2":"type-product","3":"status-publish","4":"has-post-thumbnail","6":"product_cat-pos_promo","7":"product_cat-pos-graduacao-especializacao","9":"first","10":"instock","11":"downloadable","12":"virtual","13":"sold-individually","14":"taxable","15":"purchasable","16":"product-type-simple"},"_links":{"self":[{"href":"https:\/\/cbpex.com.br\/academy\/wp-json\/wp\/v2\/product\/145","targetHints":{"allow":["GET"]}}],"collection":[{"href":"https:\/\/cbpex.com.br\/academy\/wp-json\/wp\/v2\/product"}],"about":[{"href":"https:\/\/cbpex.com.br\/academy\/wp-json\/wp\/v2\/types\/product"}],"version-history":[{"count":5,"href":"https:\/\/cbpex.com.br\/academy\/wp-json\/wp\/v2\/product\/145\/revisions"}],"predecessor-version":[{"id":3499,"href":"https:\/\/cbpex.com.br\/academy\/wp-json\/wp\/v2\/product\/145\/revisions\/3499"}],"wp:featuredmedia":[{"embeddable":true,"href":"https:\/\/cbpex.com.br\/academy\/wp-json\/wp\/v2\/media\/791"}],"wp:attachment":[{"href":"https:\/\/cbpex.com.br\/academy\/wp-json\/wp\/v2\/media?parent=145"}],"wp:term":[{"taxonomy":"product_cat","embeddable":true,"href":"https:\/\/cbpex.com.br\/academy\/wp-json\/wp\/v2\/product_cat?post=145"},{"taxonomy":"product_tag","embeddable":true,"href":"https:\/\/cbpex.com.br\/academy\/wp-json\/wp\/v2\/product_tag?post=145"}],"curies":[{"name":"wp","href":"https:\/\/api.w.org\/{rel}","templated":true}]}}