{"id":148,"date":"2021-02-26T10:31:12","date_gmt":"2021-02-26T13:31:12","guid":{"rendered":"https:\/\/fabexfaculdade.com.br\/academy\/?product=especializacao-em-terapia-cognitivo-comportamental-tcc"},"modified":"2024-01-04T10:56:12","modified_gmt":"2024-01-04T13:56:12","slug":"especializacao-em-terapia-cognitivo-comportamental-tcc","status":"publish","type":"product","link":"https:\/\/cbpex.com.br\/academy\/produto\/especializacao-em-terapia-cognitivo-comportamental-tcc\/","title":{"rendered":"P\u00f3s &#8211; Terapia Cognitivo Comportamental &#8211; TCC"},"content":{"rendered":"<h5><\/h5>\n","protected":false},"excerpt":{"rendered":"<h3>Fundamentos Te\u00f3ricos da Terapia Cognitivo Comportamental<br \/>\nAvalia\u00e7\u00e3o e T\u00e9cnicas da Terapia Cognitivo-Comportamental<br \/>\nA TCC na Pr\u00e1tica Cl\u00ednica<br \/>\nA TCC e os Transtornos de Ansiedade, Alimentares e do Impulso<br \/>\nMetodologia do Trabalho Cient\u00edfico I<br \/>\nA TCC Aplicada \u00e0 Inf\u00e2ncia e Adolesc\u00eancia<br \/>\nA TCC Aplicada \u00e0s Disfun\u00e7\u00f5es Sexuais<br \/>\nTeoria Cognitiva Comportamental e Sa\u00fade Mental<br \/>\nA TCC Aplicada \u00e0s Fobias Sociais e \u00e0 Depress\u00e3o<br \/>\nA TCC Aplicadas \u00e0s Psicopatologias<br \/>\nA TCC Aplicada \u00e0 Depend\u00eancia de Internet e a Depend\u00eancia Qu\u00edmica<br \/>\nA TCC Aplicada ao D\u00e9ficit de Aten\u00e7\u00e3o e Hiperatividade<br \/>\nMetodologia do Ensino Superior<br \/>\nA TCC em Tratamento de Casais e Fam\u00edlias<br \/>\nMetodologia do Trabalho Cient\u00edfico II<br \/>\nTrabalho de Conclus\u00e3o de Curso &#8211; TCC<\/h3>\n","protected":false},"featured_media":794,"template":"","meta":[],"product_cat":[54,20],"product_tag":[],"class_list":{"0":"post-148","1":"product","2":"type-product","3":"status-publish","4":"has-post-thumbnail","6":"product_cat-pos_promo","7":"product_cat-pos-graduacao-especializacao","9":"first","10":"instock","11":"downloadable","12":"virtual","13":"sold-individually","14":"taxable","15":"purchasable","16":"product-type-simple"},"_links":{"self":[{"href":"https:\/\/cbpex.com.br\/academy\/wp-json\/wp\/v2\/product\/148","targetHints":{"allow":["GET"]}}],"collection":[{"href":"https:\/\/cbpex.com.br\/academy\/wp-json\/wp\/v2\/product"}],"about":[{"href":"https:\/\/cbpex.com.br\/academy\/wp-json\/wp\/v2\/types\/product"}],"version-history":[{"count":5,"href":"https:\/\/cbpex.com.br\/academy\/wp-json\/wp\/v2\/product\/148\/revisions"}],"predecessor-version":[{"id":4412,"href":"https:\/\/cbpex.com.br\/academy\/wp-json\/wp\/v2\/product\/148\/revisions\/4412"}],"wp:featuredmedia":[{"embeddable":true,"href":"https:\/\/cbpex.com.br\/academy\/wp-json\/wp\/v2\/media\/794"}],"wp:attachment":[{"href":"https:\/\/cbpex.com.br\/academy\/wp-json\/wp\/v2\/media?parent=148"}],"wp:term":[{"taxonomy":"product_cat","embeddable":true,"href":"https:\/\/cbpex.com.br\/academy\/wp-json\/wp\/v2\/product_cat?post=148"},{"taxonomy":"product_tag","embeddable":true,"href":"https:\/\/cbpex.com.br\/academy\/wp-json\/wp\/v2\/product_tag?post=148"}],"curies":[{"name":"wp","href":"https:\/\/api.w.org\/{rel}","templated":true}]}}