{"id":1480,"date":"2021-04-09T09:33:09","date_gmt":"2021-04-09T12:33:09","guid":{"rendered":"https:\/\/cbpex.com.br\/academy\/?post_type=product&#038;p=1480"},"modified":"2021-12-14T11:24:41","modified_gmt":"2021-12-14T14:24:41","slug":"pos-terapia-intensiva-uti-intensivo-6-meses","status":"publish","type":"product","link":"https:\/\/cbpex.com.br\/academy\/produto\/pos-terapia-intensiva-uti-intensivo-6-meses\/","title":{"rendered":"P\u00f3s &#8211; Terapia Intensiva &#8211; UTI <br> (Intensivo &#8211; 6 Meses)"},"content":{"rendered":"","protected":false},"excerpt":{"rendered":"<p>Psicologia das Rela\u00e7\u00f5es Humanas Aplicadas<br \/>\nTecnologia e Monitoriza\u00e7\u00e3o em UTI<br \/>\nInfec\u00e7\u00e3o Hospitalar em UTI: A\u00e7\u00e3o e Controle<br \/>\nMetodologia do Trabalho Cient\u00edfico I<br \/>\nFarmacologia Aplicada<br \/>\nAssist\u00eancia em UTI Neonatal e Pedi\u00e1trica<br \/>\nAssist\u00eancia Cardiovascular<br \/>\nAssist\u00eancia Renal e Gastrointestinal<br \/>\nAssist\u00eancia ao Paciente Neurol\u00f3gico<br \/>\nGest\u00e3o em UTI<br \/>\nProcesso de Enfermagem<br \/>\nMetodologia do Trabalho Cient\u00edfico II<\/p>\n<p>Trabalho de Conclus\u00e3o de Curso &#8211; TCC<\/p>\n","protected":false},"featured_media":1481,"template":"","meta":[],"product_cat":[20],"product_tag":[],"class_list":{"0":"post-1480","1":"product","2":"type-product","3":"status-publish","4":"has-post-thumbnail","6":"product_cat-pos-graduacao-especializacao","8":"first","9":"instock","10":"downloadable","11":"virtual","12":"sold-individually","13":"taxable","14":"purchasable","15":"product-type-simple"},"_links":{"self":[{"href":"https:\/\/cbpex.com.br\/academy\/wp-json\/wp\/v2\/product\/1480","targetHints":{"allow":["GET"]}}],"collection":[{"href":"https:\/\/cbpex.com.br\/academy\/wp-json\/wp\/v2\/product"}],"about":[{"href":"https:\/\/cbpex.com.br\/academy\/wp-json\/wp\/v2\/types\/product"}],"version-history":[{"count":4,"href":"https:\/\/cbpex.com.br\/academy\/wp-json\/wp\/v2\/product\/1480\/revisions"}],"predecessor-version":[{"id":3521,"href":"https:\/\/cbpex.com.br\/academy\/wp-json\/wp\/v2\/product\/1480\/revisions\/3521"}],"wp:featuredmedia":[{"embeddable":true,"href":"https:\/\/cbpex.com.br\/academy\/wp-json\/wp\/v2\/media\/1481"}],"wp:attachment":[{"href":"https:\/\/cbpex.com.br\/academy\/wp-json\/wp\/v2\/media?parent=1480"}],"wp:term":[{"taxonomy":"product_cat","embeddable":true,"href":"https:\/\/cbpex.com.br\/academy\/wp-json\/wp\/v2\/product_cat?post=1480"},{"taxonomy":"product_tag","embeddable":true,"href":"https:\/\/cbpex.com.br\/academy\/wp-json\/wp\/v2\/product_tag?post=1480"}],"curies":[{"name":"wp","href":"https:\/\/api.w.org\/{rel}","templated":true}]}}