{"id":1510,"date":"2021-04-22T16:10:47","date_gmt":"2021-04-22T19:10:47","guid":{"rendered":"https:\/\/cbpex.com.br\/academy\/produto\/especializacao-em-neuropsicopedagia\/"},"modified":"2021-12-14T11:24:41","modified_gmt":"2021-12-14T14:24:41","slug":"neuropsicologia","status":"publish","type":"product","link":"https:\/\/cbpex.com.br\/academy\/produto\/neuropsicologia\/","title":{"rendered":"P\u00f3s &#8211; Neuropsicologia"},"content":{"rendered":"","protected":false},"excerpt":{"rendered":"<p>Neuropsicologia: Hist\u00f3rico e Fundamentos Cient\u00edficos<br \/>\nNeuroanatomia funcional e Fun\u00e7\u00f5es Cognitivas<br \/>\nTranstornos Neurocognitvos I<br \/>\nTranstornos Neurocognitvos II<br \/>\nMetodologia do Trabalho Cient\u00edfico I<br \/>\nAvalia\u00e7\u00e3o Neuropsicol\u00f3gica de Crian\u00e7as e Adolescentes<br \/>\nAvalia\u00e7\u00e3o Neuropsicol\u00f3gica de Adultos e Idosos<br \/>\nInstrumentos de Avalia\u00e7\u00e3o Neuropsicol\u00f3gica<br \/>\nReabilita\u00e7\u00e3o Neuropsicol\u00f3gica I<br \/>\nReabilita\u00e7\u00e3o Neuropsicol\u00f3gica II<br \/>\nNeuroci\u00eancia e Positividade<br \/>\nMetodologia do Trabalho Cient\u00edfico II<\/p>\n","protected":false},"featured_media":1669,"template":"","meta":[],"product_cat":[20],"product_tag":[],"class_list":{"0":"post-1510","1":"product","2":"type-product","3":"status-publish","4":"has-post-thumbnail","6":"product_cat-pos-graduacao-especializacao","8":"first","9":"instock","10":"downloadable","11":"virtual","12":"sold-individually","13":"taxable","14":"purchasable","15":"product-type-simple"},"_links":{"self":[{"href":"https:\/\/cbpex.com.br\/academy\/wp-json\/wp\/v2\/product\/1510","targetHints":{"allow":["GET"]}}],"collection":[{"href":"https:\/\/cbpex.com.br\/academy\/wp-json\/wp\/v2\/product"}],"about":[{"href":"https:\/\/cbpex.com.br\/academy\/wp-json\/wp\/v2\/types\/product"}],"version-history":[{"count":5,"href":"https:\/\/cbpex.com.br\/academy\/wp-json\/wp\/v2\/product\/1510\/revisions"}],"predecessor-version":[{"id":3526,"href":"https:\/\/cbpex.com.br\/academy\/wp-json\/wp\/v2\/product\/1510\/revisions\/3526"}],"wp:featuredmedia":[{"embeddable":true,"href":"https:\/\/cbpex.com.br\/academy\/wp-json\/wp\/v2\/media\/1669"}],"wp:attachment":[{"href":"https:\/\/cbpex.com.br\/academy\/wp-json\/wp\/v2\/media?parent=1510"}],"wp:term":[{"taxonomy":"product_cat","embeddable":true,"href":"https:\/\/cbpex.com.br\/academy\/wp-json\/wp\/v2\/product_cat?post=1510"},{"taxonomy":"product_tag","embeddable":true,"href":"https:\/\/cbpex.com.br\/academy\/wp-json\/wp\/v2\/product_tag?post=1510"}],"curies":[{"name":"wp","href":"https:\/\/api.w.org\/{rel}","templated":true}]}}