{"id":1511,"date":"2021-04-22T16:10:47","date_gmt":"2021-04-22T19:10:47","guid":{"rendered":"https:\/\/cbpex.com.br\/academy\/produto\/especializacao-em-especializacao-em-neuropsicopedagia-institucional-clinica-e-hospitalar\/"},"modified":"2024-01-04T10:53:56","modified_gmt":"2024-01-04T13:53:56","slug":"neuropsicopedagia-institucional-clinica-e-hospitalar","status":"publish","type":"product","link":"https:\/\/cbpex.com.br\/academy\/produto\/neuropsicopedagia-institucional-clinica-e-hospitalar\/","title":{"rendered":"P\u00f3s &#8211; Neuropsicopedagia: Institucional, Cl\u00ednica e Hospitalar"},"content":{"rendered":"","protected":false},"excerpt":{"rendered":"<p>Neuropsicopedagogia: Hist\u00f3rico e Fundamentos Cient\u00edficos.<\/p>\n<p>Neuroanatomia funcional, Plasticidade Cerebral e Fun\u00e7\u00f5es Cognitivas.<\/p>\n<p>Psicologia do Desenvolvimento e Aprendizagem.<\/p>\n<p>A Neuroci\u00eancia e os Transtornos da Aprendizagem.<\/p>\n<p>O Neuropsicopedagogo e o Transtorno do Espectro Autista.<\/p>\n<p>Metodologia do Trabalho Cient\u00edfico I.<\/p>\n<p>Neuropsicopedagogia e Transtornos Neurocognitvos.<\/p>\n<p>Instrumentos de Avalia\u00e7\u00e3o Neuropsicol\u00f3gica.<\/p>\n<p>Avalia\u00e7\u00e3o e Interven\u00e7\u00e3o do Neuropsicopedagogo em Crian\u00e7as e Adolescentes.<\/p>\n<p>Avalia\u00e7\u00e3o e Interven\u00e7\u00e3o Neuropsicopedagogo em Adultos e Idosos.<\/p>\n<p>Neuropsicopedagogia Institucional: Atua\u00e7\u00e3o do Neuropsicopedagogo.<\/p>\n<p>Atua\u00e7\u00e3o do Neuropsicopedagogo no Universo Cl\u00ednico e Hospitalar.<\/p>\n<p>Reabilita\u00e7\u00e3o Neuropsicol\u00f3gica.<\/p>\n<p>Neuroci\u00eancia e Positividade.<\/p>\n<p>Metodologia do Trabalho Cient\u00edfico II.<\/p>\n","protected":false},"featured_media":1670,"template":"","meta":[],"product_cat":[54,20],"product_tag":[],"class_list":{"0":"post-1511","1":"product","2":"type-product","3":"status-publish","4":"has-post-thumbnail","6":"product_cat-pos_promo","7":"product_cat-pos-graduacao-especializacao","9":"first","10":"instock","11":"downloadable","12":"virtual","13":"sold-individually","14":"taxable","15":"purchasable","16":"product-type-simple"},"_links":{"self":[{"href":"https:\/\/cbpex.com.br\/academy\/wp-json\/wp\/v2\/product\/1511","targetHints":{"allow":["GET"]}}],"collection":[{"href":"https:\/\/cbpex.com.br\/academy\/wp-json\/wp\/v2\/product"}],"about":[{"href":"https:\/\/cbpex.com.br\/academy\/wp-json\/wp\/v2\/types\/product"}],"version-history":[{"count":6,"href":"https:\/\/cbpex.com.br\/academy\/wp-json\/wp\/v2\/product\/1511\/revisions"}],"predecessor-version":[{"id":3527,"href":"https:\/\/cbpex.com.br\/academy\/wp-json\/wp\/v2\/product\/1511\/revisions\/3527"}],"wp:featuredmedia":[{"embeddable":true,"href":"https:\/\/cbpex.com.br\/academy\/wp-json\/wp\/v2\/media\/1670"}],"wp:attachment":[{"href":"https:\/\/cbpex.com.br\/academy\/wp-json\/wp\/v2\/media?parent=1511"}],"wp:term":[{"taxonomy":"product_cat","embeddable":true,"href":"https:\/\/cbpex.com.br\/academy\/wp-json\/wp\/v2\/product_cat?post=1511"},{"taxonomy":"product_tag","embeddable":true,"href":"https:\/\/cbpex.com.br\/academy\/wp-json\/wp\/v2\/product_tag?post=1511"}],"curies":[{"name":"wp","href":"https:\/\/api.w.org\/{rel}","templated":true}]}}