{"id":152,"date":"2021-02-26T10:31:12","date_gmt":"2021-02-26T13:31:12","guid":{"rendered":"https:\/\/fabexfaculdade.com.br\/academy\/?product=especializacao-em-psicologia-positiva"},"modified":"2024-01-04T10:56:28","modified_gmt":"2024-01-04T13:56:28","slug":"especializacao-em-psicologia-positiva","status":"publish","type":"product","link":"https:\/\/cbpex.com.br\/academy\/produto\/especializacao-em-psicologia-positiva\/","title":{"rendered":"P\u00f3s &#8211; Psicologia Positiva"},"content":{"rendered":"","protected":false},"excerpt":{"rendered":"<h3>Psicologia Positiva: Hist\u00f3rico e Fundamentos Cient\u00edficos<br \/>\nMindfulness e Flow: T\u00e9cnica e Caminhos de Vida Integral<br \/>\nPsicologia das Rela\u00e7\u00f5es Humanas Aplicada \u00e0 Psicologia Positiva<br \/>\nPsicologia do Desenvolvimento Humano<br \/>\nMetodologia do Trabalho Cient\u00edfico I<br \/>\nFelicidade Aut\u00eantica e Modelo PERMA: Fundamentos para \u00e0 Vida<br \/>\nNeuroci\u00eancia e Positividade<br \/>\nPsicologia Positiva e Ferramentas para o Desenvolvimento Pessoal<br \/>\nEduca\u00e7\u00e3o Positiva<br \/>\nPsicologia Positiva: Virtudes e For\u00e7as Pessoais<br \/>\nIntelig\u00eancia Emocional e Emo\u00e7\u00f5es Positivas<br \/>\nMetodologia do Trabalho Cient\u00edfico II.<br \/>\nTrabalho de Conclus\u00e3o de Curso &#8211; TCC<\/h3>\n","protected":false},"featured_media":784,"template":"","meta":[],"product_cat":[54,20],"product_tag":[],"class_list":{"0":"post-152","1":"product","2":"type-product","3":"status-publish","4":"has-post-thumbnail","6":"product_cat-pos_promo","7":"product_cat-pos-graduacao-especializacao","9":"first","10":"instock","11":"downloadable","12":"virtual","13":"sold-individually","14":"taxable","15":"purchasable","16":"product-type-simple"},"_links":{"self":[{"href":"https:\/\/cbpex.com.br\/academy\/wp-json\/wp\/v2\/product\/152","targetHints":{"allow":["GET"]}}],"collection":[{"href":"https:\/\/cbpex.com.br\/academy\/wp-json\/wp\/v2\/product"}],"about":[{"href":"https:\/\/cbpex.com.br\/academy\/wp-json\/wp\/v2\/types\/product"}],"version-history":[{"count":4,"href":"https:\/\/cbpex.com.br\/academy\/wp-json\/wp\/v2\/product\/152\/revisions"}],"predecessor-version":[{"id":3502,"href":"https:\/\/cbpex.com.br\/academy\/wp-json\/wp\/v2\/product\/152\/revisions\/3502"}],"wp:featuredmedia":[{"embeddable":true,"href":"https:\/\/cbpex.com.br\/academy\/wp-json\/wp\/v2\/media\/784"}],"wp:attachment":[{"href":"https:\/\/cbpex.com.br\/academy\/wp-json\/wp\/v2\/media?parent=152"}],"wp:term":[{"taxonomy":"product_cat","embeddable":true,"href":"https:\/\/cbpex.com.br\/academy\/wp-json\/wp\/v2\/product_cat?post=152"},{"taxonomy":"product_tag","embeddable":true,"href":"https:\/\/cbpex.com.br\/academy\/wp-json\/wp\/v2\/product_tag?post=152"}],"curies":[{"name":"wp","href":"https:\/\/api.w.org\/{rel}","templated":true}]}}