{"id":153,"date":"2021-02-26T10:31:12","date_gmt":"2021-02-26T13:31:12","guid":{"rendered":"https:\/\/fabexfaculdade.com.br\/academy\/?product=especializacao-em-gestao-das-politicas-publicas-e-sociais"},"modified":"2024-01-04T10:56:41","modified_gmt":"2024-01-04T13:56:41","slug":"especializacao-em-gestao-das-politicas-publicas-e-sociais","status":"publish","type":"product","link":"https:\/\/cbpex.com.br\/academy\/produto\/especializacao-em-gestao-das-politicas-publicas-e-sociais\/","title":{"rendered":"P\u00f3s &#8211; Gest\u00e3o das Pol\u00edticas P\u00fablicas e Sociais"},"content":{"rendered":"","protected":false},"excerpt":{"rendered":"<h3>Gest\u00e3o Das Pol\u00edticas P\u00fablicas E Sociais<br \/>\nPlanejamento Estrat\u00e9gico<br \/>\nGest\u00e3o Em Pol\u00edticas Sociais De Assist\u00eancia Social<br \/>\nMetodologia Do Trabalho Cient\u00edfico I<br \/>\nGest\u00e3o Do Terceiro Setor<br \/>\nPesquisa E Diagn\u00f3stico Social<br \/>\nFundamentos S\u00f3cio-Hist\u00f3ricos Das Pol\u00edticas Sociais<br \/>\nPlanejamento, Gerenciamento E Execu\u00e7\u00e3o De Projetos Sociais<br \/>\nProcessos De Trabalhos Na Pol\u00edtica Social<br \/>\nGest\u00e3o Em Pol\u00edticas Sociais De Previd\u00eancia Social<br \/>\nGest\u00e3o Em Pol\u00edtica Social De Sa\u00fade (Com \u00canfase Em Laudo E Parecer)<br \/>\nGest\u00e3o Em Pol\u00edtica Social De Educa\u00e7\u00e3o<br \/>\nGest\u00e3o Em Pol\u00edtica Social Do Sistema S\u00f3cio-Jur\u00eddico<br \/>\nMetodologia Do Trabalho Cientifico<\/h3>\n","protected":false},"featured_media":771,"template":"","meta":[],"product_cat":[54,20],"product_tag":[],"class_list":{"0":"post-153","1":"product","2":"type-product","3":"status-publish","4":"has-post-thumbnail","6":"product_cat-pos_promo","7":"product_cat-pos-graduacao-especializacao","9":"first","10":"instock","11":"downloadable","12":"virtual","13":"sold-individually","14":"taxable","15":"purchasable","16":"product-type-simple"},"_links":{"self":[{"href":"https:\/\/cbpex.com.br\/academy\/wp-json\/wp\/v2\/product\/153","targetHints":{"allow":["GET"]}}],"collection":[{"href":"https:\/\/cbpex.com.br\/academy\/wp-json\/wp\/v2\/product"}],"about":[{"href":"https:\/\/cbpex.com.br\/academy\/wp-json\/wp\/v2\/types\/product"}],"version-history":[{"count":4,"href":"https:\/\/cbpex.com.br\/academy\/wp-json\/wp\/v2\/product\/153\/revisions"}],"predecessor-version":[{"id":3503,"href":"https:\/\/cbpex.com.br\/academy\/wp-json\/wp\/v2\/product\/153\/revisions\/3503"}],"wp:featuredmedia":[{"embeddable":true,"href":"https:\/\/cbpex.com.br\/academy\/wp-json\/wp\/v2\/media\/771"}],"wp:attachment":[{"href":"https:\/\/cbpex.com.br\/academy\/wp-json\/wp\/v2\/media?parent=153"}],"wp:term":[{"taxonomy":"product_cat","embeddable":true,"href":"https:\/\/cbpex.com.br\/academy\/wp-json\/wp\/v2\/product_cat?post=153"},{"taxonomy":"product_tag","embeddable":true,"href":"https:\/\/cbpex.com.br\/academy\/wp-json\/wp\/v2\/product_tag?post=153"}],"curies":[{"name":"wp","href":"https:\/\/api.w.org\/{rel}","templated":true}]}}