{"id":155,"date":"2021-02-26T10:31:12","date_gmt":"2021-02-26T13:31:12","guid":{"rendered":"https:\/\/fabexfaculdade.com.br\/academy\/?product=especializacao-em-gestao-hospitalar-e-em-servicos-de-saude"},"modified":"2026-04-22T18:13:09","modified_gmt":"2026-04-22T21:13:09","slug":"especializacao-em-gestao-hospitalar-e-em-servicos-de-saude","status":"publish","type":"product","link":"https:\/\/cbpex.com.br\/academy\/produto\/especializacao-em-gestao-hospitalar-e-em-servicos-de-saude\/","title":{"rendered":"P\u00f3s &#8211; Gest\u00e3o Hospitalar e em Servi\u00e7os de Sa\u00fade"},"content":{"rendered":"","protected":false},"excerpt":{"rendered":"<h3>Gest\u00e3o e Controle de Epidemiologia e de Infec\u00e7\u00f5es Hospitalares<br \/>\nPsicologia das Rela\u00e7\u00f5es Humanas Aplicada<br \/>\n\u00c9tica, Bio\u00e9tica e Responsabilidade Social<br \/>\nGest\u00e3o de Servi\u00e7os de Sa\u00fade<br \/>\nMetodologia do Trabalho Cient\u00edfico I<br \/>\nGest\u00e3o de Qualidade e Acredita\u00e7\u00e3o Hospitalar<br \/>\nGest\u00e3o Empresarial e de Custos Hospitalares<br \/>\nGest\u00e3o de Pessoas e de Servi\u00e7os de Apoio Cl\u00ednico<br \/>\nGest\u00e3o e Educa\u00e7\u00e3o para a Sa\u00fade<br \/>\nLegisla\u00e7\u00e3o Hospitalar e do Consumidor<br \/>\nGest\u00e3o de Marketing Hospitalar e de Servi\u00e7os de Sa\u00fade<br \/>\nSistemas de Sa\u00fade Brasileiro e de Informa\u00e7\u00f5es Gerenciais Hospitalares<br \/>\nMetodologia do Trabalho Cient\u00edfico II<br \/>\nTrabalho de Conclus\u00e3o de Curso &#8211; TCC<\/h3>\n","protected":false},"featured_media":781,"template":"","meta":[],"product_cat":[54,20],"product_tag":[],"class_list":{"0":"post-155","1":"product","2":"type-product","3":"status-publish","4":"has-post-thumbnail","6":"product_cat-pos_promo","7":"product_cat-pos-graduacao-especializacao","9":"first","10":"instock","11":"downloadable","12":"virtual","13":"sold-individually","14":"taxable","15":"purchasable","16":"product-type-simple"},"_links":{"self":[{"href":"https:\/\/cbpex.com.br\/academy\/wp-json\/wp\/v2\/product\/155","targetHints":{"allow":["GET"]}}],"collection":[{"href":"https:\/\/cbpex.com.br\/academy\/wp-json\/wp\/v2\/product"}],"about":[{"href":"https:\/\/cbpex.com.br\/academy\/wp-json\/wp\/v2\/types\/product"}],"version-history":[{"count":4,"href":"https:\/\/cbpex.com.br\/academy\/wp-json\/wp\/v2\/product\/155\/revisions"}],"predecessor-version":[{"id":3505,"href":"https:\/\/cbpex.com.br\/academy\/wp-json\/wp\/v2\/product\/155\/revisions\/3505"}],"wp:featuredmedia":[{"embeddable":true,"href":"https:\/\/cbpex.com.br\/academy\/wp-json\/wp\/v2\/media\/781"}],"wp:attachment":[{"href":"https:\/\/cbpex.com.br\/academy\/wp-json\/wp\/v2\/media?parent=155"}],"wp:term":[{"taxonomy":"product_cat","embeddable":true,"href":"https:\/\/cbpex.com.br\/academy\/wp-json\/wp\/v2\/product_cat?post=155"},{"taxonomy":"product_tag","embeddable":true,"href":"https:\/\/cbpex.com.br\/academy\/wp-json\/wp\/v2\/product_tag?post=155"}],"curies":[{"name":"wp","href":"https:\/\/api.w.org\/{rel}","templated":true}]}}