{"id":157,"date":"2021-02-26T10:31:12","date_gmt":"2021-02-26T13:31:12","guid":{"rendered":"https:\/\/fabexfaculdade.com.br\/academy\/?product=assinatura-cursos-de-capacitacoes-academy"},"modified":"2021-12-14T11:24:40","modified_gmt":"2021-12-14T14:24:40","slug":"assinatura-cursos-de-capacitacoes-academy","status":"publish","type":"product","link":"https:\/\/cbpex.com.br\/academy\/produto\/assinatura-cursos-de-capacitacoes-academy\/","title":{"rendered":"Assinatura &#8211; Cursos de Capacita\u00e7\u00f5es Academy"},"content":{"rendered":"","protected":false},"excerpt":{"rendered":"<h2>MATR\u00cdCULA<\/h2>\n<h2>+ 05 PARCELAS<\/h2>\n<h2>DE R$ 29,90<\/h2>\n","protected":false},"featured_media":293,"template":"","meta":[],"product_cat":[22],"product_tag":[],"class_list":{"0":"post-157","1":"product","2":"type-product","3":"status-publish","4":"has-post-thumbnail","6":"product_cat-cursosdecapacitacao","8":"first","9":"instock","10":"downloadable","11":"virtual","12":"sold-individually","13":"taxable","14":"purchasable","15":"product-type-simple"},"_links":{"self":[{"href":"https:\/\/cbpex.com.br\/academy\/wp-json\/wp\/v2\/product\/157","targetHints":{"allow":["GET"]}}],"collection":[{"href":"https:\/\/cbpex.com.br\/academy\/wp-json\/wp\/v2\/product"}],"about":[{"href":"https:\/\/cbpex.com.br\/academy\/wp-json\/wp\/v2\/types\/product"}],"version-history":[{"count":12,"href":"https:\/\/cbpex.com.br\/academy\/wp-json\/wp\/v2\/product\/157\/revisions"}],"predecessor-version":[{"id":3518,"href":"https:\/\/cbpex.com.br\/academy\/wp-json\/wp\/v2\/product\/157\/revisions\/3518"}],"wp:featuredmedia":[{"embeddable":true,"href":"https:\/\/cbpex.com.br\/academy\/wp-json\/wp\/v2\/media\/293"}],"wp:attachment":[{"href":"https:\/\/cbpex.com.br\/academy\/wp-json\/wp\/v2\/media?parent=157"}],"wp:term":[{"taxonomy":"product_cat","embeddable":true,"href":"https:\/\/cbpex.com.br\/academy\/wp-json\/wp\/v2\/product_cat?post=157"},{"taxonomy":"product_tag","embeddable":true,"href":"https:\/\/cbpex.com.br\/academy\/wp-json\/wp\/v2\/product_tag?post=157"}],"curies":[{"name":"wp","href":"https:\/\/api.w.org\/{rel}","templated":true}]}}