{"id":164,"date":"2021-02-26T10:31:13","date_gmt":"2021-02-26T13:31:13","guid":{"rendered":"https:\/\/fabexfaculdade.com.br\/academy\/?product=saude-da-crianca"},"modified":"2021-12-14T11:24:37","modified_gmt":"2021-12-14T14:24:37","slug":"saude-da-crianca","status":"publish","type":"product","link":"https:\/\/cbpex.com.br\/academy\/produto\/saude-da-crianca\/","title":{"rendered":"Sa\u00fade da Crian\u00e7a (CAPACITA\u00c7\u00c3O)"},"content":{"rendered":"","protected":false},"excerpt":{"rendered":"<p><strong>Carga hor\u00e1ria: <\/strong>20 horas<br \/>\nCertificado de Conclus\u00e3o<\/p>\n","protected":false},"featured_media":981,"template":"","meta":[],"product_cat":[22],"product_tag":[],"class_list":{"0":"post-164","1":"product","2":"type-product","3":"status-publish","4":"has-post-thumbnail","6":"product_cat-cursosdecapacitacao","8":"first","9":"instock","10":"downloadable","11":"virtual","12":"taxable","13":"purchasable","14":"product-type-simple"},"_links":{"self":[{"href":"https:\/\/cbpex.com.br\/academy\/wp-json\/wp\/v2\/product\/164","targetHints":{"allow":["GET"]}}],"collection":[{"href":"https:\/\/cbpex.com.br\/academy\/wp-json\/wp\/v2\/product"}],"about":[{"href":"https:\/\/cbpex.com.br\/academy\/wp-json\/wp\/v2\/types\/product"}],"version-history":[{"count":3,"href":"https:\/\/cbpex.com.br\/academy\/wp-json\/wp\/v2\/product\/164\/revisions"}],"predecessor-version":[{"id":1040,"href":"https:\/\/cbpex.com.br\/academy\/wp-json\/wp\/v2\/product\/164\/revisions\/1040"}],"wp:featuredmedia":[{"embeddable":true,"href":"https:\/\/cbpex.com.br\/academy\/wp-json\/wp\/v2\/media\/981"}],"wp:attachment":[{"href":"https:\/\/cbpex.com.br\/academy\/wp-json\/wp\/v2\/media?parent=164"}],"wp:term":[{"taxonomy":"product_cat","embeddable":true,"href":"https:\/\/cbpex.com.br\/academy\/wp-json\/wp\/v2\/product_cat?post=164"},{"taxonomy":"product_tag","embeddable":true,"href":"https:\/\/cbpex.com.br\/academy\/wp-json\/wp\/v2\/product_tag?post=164"}],"curies":[{"name":"wp","href":"https:\/\/api.w.org\/{rel}","templated":true}]}}