{"id":2226,"date":"2021-09-16T18:22:59","date_gmt":"2021-09-16T21:22:59","guid":{"rendered":"https:\/\/cbpex.com.br\/academy\/?post_type=product&#038;p=2226"},"modified":"2021-12-14T11:24:41","modified_gmt":"2021-12-14T14:24:41","slug":"curso-de-extensao-em-supervisao-e-orientacao-educacional","status":"publish","type":"product","link":"https:\/\/cbpex.com.br\/academy\/produto\/curso-de-extensao-em-supervisao-e-orientacao-educacional\/","title":{"rendered":"Curso de Extens\u00e3o em Supervis\u00e3o e Orienta\u00e7\u00e3o Educacional"},"content":{"rendered":"\t\t<div data-elementor-type=\"product-post\" data-elementor-id=\"2226\" class=\"elementor elementor-2226\" data-elementor-post-type=\"product\">\n\t\t\t\t\t\t<section class=\"elementor-section elementor-top-section elementor-element elementor-element-48c8e294 elementor-section-boxed elementor-section-height-default elementor-section-height-default\" data-id=\"48c8e294\" data-element_type=\"section\">\n\t\t\t\t\t\t<div class=\"elementor-container elementor-column-gap-default\">\n\t\t\t\t\t<div class=\"elementor-column elementor-col-100 elementor-top-column elementor-element elementor-element-50719250\" data-id=\"50719250\" data-element_type=\"column\">\n\t\t\t<div class=\"elementor-widget-wrap elementor-element-populated\">\n\t\t\t\t\t\t<div class=\"elementor-element elementor-element-79c5d277 elementor-widget elementor-widget-text-editor\" data-id=\"79c5d277\" data-element_type=\"widget\" data-widget_type=\"text-editor.default\">\n\t\t\t\t<div class=\"elementor-widget-container\">\n\t\t\t\t\t\t\t<p>O<strong>\u00a0Supervisor<\/strong>\u00a0Escolar, portanto, \u00e9 o profissional organizador ou orientador do trabalho pedag\u00f3gico desenvolvido pelos professores em uma escola. Dentro desse trabalho no decorrer desse trabalho ser\u00e1 aprofundada a atua\u00e7\u00e3o do<strong>\u00a0supervisor<\/strong>\u00a0pedag\u00f3gico frente \u00e0s avalia\u00e7\u00f5es externas que vem ocorrendo ultimamente no Brasil.<\/p><p>Atualize seu conhecimento e ainda receba um certificado reconhecido no Curso de Extens\u00e3o em Supervis\u00e3o e Orienta\u00e7\u00e3o Educacional.<\/p><p>Ao concluir o CURSO tenha a oportunidade de torna-se um especialista optando pelo UPGRADE para a P\u00f3s-gradua\u00e7\u00e3o em Supervis\u00e3o e Orienta\u00e7\u00e3o Educacional com Certifica\u00e7\u00e3o equivalente ao Curso Presencial.<\/p>\t\t\t\t\t\t<\/div>\n\t\t\t\t<\/div>\n\t\t\t\t\t<\/div>\n\t\t<\/div>\n\t\t\t\t\t<\/div>\n\t\t<\/section>\n\t\t\t\t<\/div>\n\t\t","protected":false},"excerpt":{"rendered":"","protected":false},"featured_media":2241,"template":"","meta":[],"product_cat":[52],"product_tag":[],"class_list":{"0":"post-2226","1":"product","2":"type-product","3":"status-publish","4":"has-post-thumbnail","6":"product_cat-cursosdeextensaocbpex","8":"first","9":"instock","10":"sale","11":"sold-individually","12":"purchasable","13":"product-type-simple"},"_links":{"self":[{"href":"https:\/\/cbpex.com.br\/academy\/wp-json\/wp\/v2\/product\/2226","targetHints":{"allow":["GET"]}}],"collection":[{"href":"https:\/\/cbpex.com.br\/academy\/wp-json\/wp\/v2\/product"}],"about":[{"href":"https:\/\/cbpex.com.br\/academy\/wp-json\/wp\/v2\/types\/product"}],"version-history":[{"count":6,"href":"https:\/\/cbpex.com.br\/academy\/wp-json\/wp\/v2\/product\/2226\/revisions"}],"predecessor-version":[{"id":3552,"href":"https:\/\/cbpex.com.br\/academy\/wp-json\/wp\/v2\/product\/2226\/revisions\/3552"}],"wp:featuredmedia":[{"embeddable":true,"href":"https:\/\/cbpex.com.br\/academy\/wp-json\/wp\/v2\/media\/2241"}],"wp:attachment":[{"href":"https:\/\/cbpex.com.br\/academy\/wp-json\/wp\/v2\/media?parent=2226"}],"wp:term":[{"taxonomy":"product_cat","embeddable":true,"href":"https:\/\/cbpex.com.br\/academy\/wp-json\/wp\/v2\/product_cat?post=2226"},{"taxonomy":"product_tag","embeddable":true,"href":"https:\/\/cbpex.com.br\/academy\/wp-json\/wp\/v2\/product_tag?post=2226"}],"curies":[{"name":"wp","href":"https:\/\/api.w.org\/{rel}","templated":true}]}}