{"id":2335,"date":"2021-09-23T09:15:14","date_gmt":"2021-09-23T12:15:14","guid":{"rendered":"https:\/\/cbpex.com.br\/academy\/produto\/enfermagem-do-trabalho\/"},"modified":"2024-01-04T10:53:13","modified_gmt":"2024-01-04T13:53:13","slug":"enfermagem-do-trabalho","status":"publish","type":"product","link":"https:\/\/cbpex.com.br\/academy\/produto\/enfermagem-do-trabalho\/","title":{"rendered":"P\u00f3s &#8211; Enfermagem do Trabalho"},"content":{"rendered":"","protected":false},"excerpt":{"rendered":"<p>Psicologia das Rela\u00e7\u00f5es Humanas no trabalho<br \/>\nFundamentos da enfermagem do trabalho<br \/>\nMetodologia do trabalho cient\u00edfico I<br \/>\nLegisla\u00e7\u00e3o e Pol\u00edtica Nacional de Sa\u00fade do Trabalhador<br \/>\nBioestat\u00edstica e Trabalho<br \/>\nPatologias Ocupacionais<br \/>\nSa\u00fade Preventiva Ambiental e Ocupacional<br \/>\nEpidemiologia e Enfermagem do Trabalho<br \/>\nBioseguran\u00e7a e Vigil\u00e2ncia em Sa\u00fade do Trabalhador<br \/>\nMetodologia do Ensino Superior<br \/>\nPsicologia do Trabalho e Motiva\u00e7\u00e3o do Trabalhador<br \/>\nHigiene e Seguran\u00e7a do Trabalho<br \/>\nMetodologia do Trabalho Cient\u00edfico II<\/p>\n","protected":false},"featured_media":2341,"template":"","meta":[],"product_cat":[54,20],"product_tag":[],"class_list":{"0":"post-2335","1":"product","2":"type-product","3":"status-publish","4":"has-post-thumbnail","6":"product_cat-pos_promo","7":"product_cat-pos-graduacao-especializacao","9":"first","10":"instock","11":"downloadable","12":"virtual","13":"sold-individually","14":"taxable","15":"purchasable","16":"product-type-simple"},"_links":{"self":[{"href":"https:\/\/cbpex.com.br\/academy\/wp-json\/wp\/v2\/product\/2335","targetHints":{"allow":["GET"]}}],"collection":[{"href":"https:\/\/cbpex.com.br\/academy\/wp-json\/wp\/v2\/product"}],"about":[{"href":"https:\/\/cbpex.com.br\/academy\/wp-json\/wp\/v2\/types\/product"}],"version-history":[{"count":4,"href":"https:\/\/cbpex.com.br\/academy\/wp-json\/wp\/v2\/product\/2335\/revisions"}],"predecessor-version":[{"id":3554,"href":"https:\/\/cbpex.com.br\/academy\/wp-json\/wp\/v2\/product\/2335\/revisions\/3554"}],"wp:featuredmedia":[{"embeddable":true,"href":"https:\/\/cbpex.com.br\/academy\/wp-json\/wp\/v2\/media\/2341"}],"wp:attachment":[{"href":"https:\/\/cbpex.com.br\/academy\/wp-json\/wp\/v2\/media?parent=2335"}],"wp:term":[{"taxonomy":"product_cat","embeddable":true,"href":"https:\/\/cbpex.com.br\/academy\/wp-json\/wp\/v2\/product_cat?post=2335"},{"taxonomy":"product_tag","embeddable":true,"href":"https:\/\/cbpex.com.br\/academy\/wp-json\/wp\/v2\/product_tag?post=2335"}],"curies":[{"name":"wp","href":"https:\/\/api.w.org\/{rel}","templated":true}]}}