{"id":2336,"date":"2021-09-23T09:15:14","date_gmt":"2021-09-23T12:15:14","guid":{"rendered":"https:\/\/cbpex.com.br\/academy\/produto\/epidemiologia-e-controle-de-infeccao-hospitalar\/"},"modified":"2024-01-04T10:53:23","modified_gmt":"2024-01-04T13:53:23","slug":"epidemiologia-e-controle-de-infeccao-hospitalar","status":"publish","type":"product","link":"https:\/\/cbpex.com.br\/academy\/produto\/epidemiologia-e-controle-de-infeccao-hospitalar\/","title":{"rendered":"P\u00f3s &#8211; Epidemiologia e Controle de Infec\u00e7\u00e3o Hospitalar"},"content":{"rendered":"","protected":false},"excerpt":{"rendered":"<p>Epidemiologia Aplicada \u00e0 Preven\u00e7\u00e3o e ao Controle da Infec\u00e7\u00e3o Hospitalar<br \/>\nEpidemiologia Hospitalar e Servi\u00e7os de Sa\u00fade<br \/>\nMicrobiologia Aplicada ao Controle da Infec\u00e7\u00e3o Hospitalar<br \/>\nMetodologia do Trabalho Cient\u00edfico I<br \/>\nS\u00edndromes Infecciosas Hospitalares<br \/>\nPedagogia da Preven\u00e7\u00e3o \u00e0 Infec\u00e7\u00e3o Hospitalar<br \/>\nBiosseguran\u00e7a e Bio\u00e9tica<br \/>\nFarmacologia e Profilaxia dos Processos Inflamat\u00f3rios e Infecciosos<br \/>\nComiss\u00e3o de Controle de Infec\u00e7\u00e3o Hospitalar<br \/>\nOrganiza\u00e7\u00e3o do Programa de Controle de Infec\u00e7\u00e3o Hospitalar<br \/>\nMetodologia do Ensino Superior<br \/>\nMetodologia do Trabalho Cient\u00edfico II<\/p>\n","protected":false},"featured_media":2342,"template":"","meta":[],"product_cat":[54,20],"product_tag":[],"class_list":{"0":"post-2336","1":"product","2":"type-product","3":"status-publish","4":"has-post-thumbnail","6":"product_cat-pos_promo","7":"product_cat-pos-graduacao-especializacao","9":"first","10":"instock","11":"downloadable","12":"virtual","13":"sold-individually","14":"taxable","15":"purchasable","16":"product-type-simple"},"_links":{"self":[{"href":"https:\/\/cbpex.com.br\/academy\/wp-json\/wp\/v2\/product\/2336","targetHints":{"allow":["GET"]}}],"collection":[{"href":"https:\/\/cbpex.com.br\/academy\/wp-json\/wp\/v2\/product"}],"about":[{"href":"https:\/\/cbpex.com.br\/academy\/wp-json\/wp\/v2\/types\/product"}],"version-history":[{"count":5,"href":"https:\/\/cbpex.com.br\/academy\/wp-json\/wp\/v2\/product\/2336\/revisions"}],"predecessor-version":[{"id":3555,"href":"https:\/\/cbpex.com.br\/academy\/wp-json\/wp\/v2\/product\/2336\/revisions\/3555"}],"wp:featuredmedia":[{"embeddable":true,"href":"https:\/\/cbpex.com.br\/academy\/wp-json\/wp\/v2\/media\/2342"}],"wp:attachment":[{"href":"https:\/\/cbpex.com.br\/academy\/wp-json\/wp\/v2\/media?parent=2336"}],"wp:term":[{"taxonomy":"product_cat","embeddable":true,"href":"https:\/\/cbpex.com.br\/academy\/wp-json\/wp\/v2\/product_cat?post=2336"},{"taxonomy":"product_tag","embeddable":true,"href":"https:\/\/cbpex.com.br\/academy\/wp-json\/wp\/v2\/product_tag?post=2336"}],"curies":[{"name":"wp","href":"https:\/\/api.w.org\/{rel}","templated":true}]}}