{"id":2365,"date":"2021-09-29T09:52:35","date_gmt":"2021-09-29T12:52:35","guid":{"rendered":"https:\/\/cbpex.com.br\/academy\/?post_type=product&#038;p=2365"},"modified":"2021-12-14T11:24:42","modified_gmt":"2021-12-14T14:24:42","slug":"curso-de-extensao-em-saude-publica","status":"publish","type":"product","link":"https:\/\/cbpex.com.br\/academy\/produto\/curso-de-extensao-em-saude-publica\/","title":{"rendered":"Curso de Extens\u00e3o em Sa\u00fade P\u00fablica"},"content":{"rendered":"\t\t<div data-elementor-type=\"product-post\" data-elementor-id=\"2365\" class=\"elementor elementor-2365\" data-elementor-post-type=\"product\">\n\t\t\t\t\t\t<section class=\"elementor-section elementor-top-section elementor-element elementor-element-48c8e294 elementor-section-boxed elementor-section-height-default elementor-section-height-default\" data-id=\"48c8e294\" data-element_type=\"section\">\n\t\t\t\t\t\t<div class=\"elementor-container elementor-column-gap-default\">\n\t\t\t\t\t<div class=\"elementor-column elementor-col-100 elementor-top-column elementor-element elementor-element-50719250\" data-id=\"50719250\" data-element_type=\"column\">\n\t\t\t<div class=\"elementor-widget-wrap elementor-element-populated\">\n\t\t\t\t\t\t<div class=\"elementor-element elementor-element-79c5d277 elementor-widget elementor-widget-text-editor\" data-id=\"79c5d277\" data-element_type=\"widget\" data-widget_type=\"text-editor.default\">\n\t\t\t\t<div class=\"elementor-widget-container\">\n\t\t\t\t\t\t\t<p>O Curso tem como objetivo produzir elementos te\u00f3ricos e ferramentas necess\u00e1rias \u00e0 extens\u00e3o de conhecimentos para profissional nas \u00e1reas de Sa\u00fade P\u00fablica.<\/p><p>Os profissionais, ao conclu\u00edrem o curso, estar\u00e3o capacitados para atuar na Sa\u00fade P\u00fablica. Por tratar-se de \u00e1rea de conhecimento amplo, o aluno egresso ter\u00e1 condi\u00e7\u00f5es de atuar como consultor, pesquisador em organiza\u00e7\u00f5es p\u00fablicas, privadas e ONGs, bem como poder\u00e1 dedicar-se a um dos campos de conhecimento como Vigil\u00e2ncia Sanit\u00e1ria, Epidemiologia, Gest\u00e3o de Servi\u00e7os P\u00fablicos de Sa\u00fade, dentre outros.<\/p>\t\t\t\t\t\t<\/div>\n\t\t\t\t<\/div>\n\t\t\t\t\t<\/div>\n\t\t<\/div>\n\t\t\t\t\t<\/div>\n\t\t<\/section>\n\t\t\t\t<\/div>\n\t\t","protected":false},"excerpt":{"rendered":"","protected":false},"featured_media":2367,"template":"","meta":[],"product_cat":[52],"product_tag":[],"class_list":{"0":"post-2365","1":"product","2":"type-product","3":"status-publish","4":"has-post-thumbnail","6":"product_cat-cursosdeextensaocbpex","8":"first","9":"instock","10":"sale","11":"sold-individually","12":"purchasable","13":"product-type-simple"},"_links":{"self":[{"href":"https:\/\/cbpex.com.br\/academy\/wp-json\/wp\/v2\/product\/2365","targetHints":{"allow":["GET"]}}],"collection":[{"href":"https:\/\/cbpex.com.br\/academy\/wp-json\/wp\/v2\/product"}],"about":[{"href":"https:\/\/cbpex.com.br\/academy\/wp-json\/wp\/v2\/types\/product"}],"version-history":[{"count":12,"href":"https:\/\/cbpex.com.br\/academy\/wp-json\/wp\/v2\/product\/2365\/revisions"}],"predecessor-version":[{"id":3557,"href":"https:\/\/cbpex.com.br\/academy\/wp-json\/wp\/v2\/product\/2365\/revisions\/3557"}],"wp:featuredmedia":[{"embeddable":true,"href":"https:\/\/cbpex.com.br\/academy\/wp-json\/wp\/v2\/media\/2367"}],"wp:attachment":[{"href":"https:\/\/cbpex.com.br\/academy\/wp-json\/wp\/v2\/media?parent=2365"}],"wp:term":[{"taxonomy":"product_cat","embeddable":true,"href":"https:\/\/cbpex.com.br\/academy\/wp-json\/wp\/v2\/product_cat?post=2365"},{"taxonomy":"product_tag","embeddable":true,"href":"https:\/\/cbpex.com.br\/academy\/wp-json\/wp\/v2\/product_tag?post=2365"}],"curies":[{"name":"wp","href":"https:\/\/api.w.org\/{rel}","templated":true}]}}