{"id":248,"date":"2021-02-26T10:31:19","date_gmt":"2021-02-26T13:31:19","guid":{"rendered":"https:\/\/fabexfaculdade.com.br\/academy\/?product=especializacao-em-auditoria-em-servicos-de-saude"},"modified":"2026-04-22T18:32:54","modified_gmt":"2026-04-22T21:32:54","slug":"especializacao-em-auditoria-em-servicos-de-saude","status":"publish","type":"product","link":"https:\/\/cbpex.com.br\/academy\/produto\/especializacao-em-auditoria-em-servicos-de-saude\/","title":{"rendered":"P\u00f3s &#8211; Auditoria em Servi\u00e7os de Sa\u00fade (Extensivo)"},"content":{"rendered":"","protected":false},"excerpt":{"rendered":"<h4>Fundamentos, Conceito e Tipos de Auditoria em Sa\u00fade<br \/>\nArquitetura em Servi\u00e7os de Sa\u00fade (RDC &#8211; 50 &#8211; ANVISA)<br \/>\nEpidemiologia e Auditoria em Sa\u00fade<br \/>\n\u00c9tica e Bio\u00e9tica em Auditoria<br \/>\nMetodologia do Trabalho Cient\u00edfico I<br \/>\nT\u00e9cnica de Elabora\u00e7\u00e3o de Relat\u00f3rios de Auditoria<br \/>\nNo\u00e7\u00f5es de Direito Aplicado \u00e0 Auditoria<br \/>\nAuditoria nos Planos de Assist\u00eancia e Seguros de Sa\u00fade<br \/>\nAuditoria P\u00fablica<br \/>\nAuditoria na \u00c1rea de Sa\u00fade em Materiais, Medicamentos e Equipamentos<br \/>\nMetodologia do Ensino Superior<br \/>\nMetodologia do Trabalho Cient\u00edfico II<br \/>\nTrabalho de Conclus\u00e3o de Curso &#8211; TCC<\/h4>\n<h3><\/h3>\n","protected":false},"featured_media":754,"template":"","meta":[],"product_cat":[54,20],"product_tag":[],"class_list":{"0":"post-248","1":"product","2":"type-product","3":"status-publish","4":"has-post-thumbnail","6":"product_cat-pos_promo","7":"product_cat-pos-graduacao-especializacao","9":"first","10":"instock","11":"downloadable","12":"virtual","13":"sold-individually","14":"taxable","15":"purchasable","16":"product-type-simple"},"_links":{"self":[{"href":"https:\/\/cbpex.com.br\/academy\/wp-json\/wp\/v2\/product\/248","targetHints":{"allow":["GET"]}}],"collection":[{"href":"https:\/\/cbpex.com.br\/academy\/wp-json\/wp\/v2\/product"}],"about":[{"href":"https:\/\/cbpex.com.br\/academy\/wp-json\/wp\/v2\/types\/product"}],"version-history":[{"count":25,"href":"https:\/\/cbpex.com.br\/academy\/wp-json\/wp\/v2\/product\/248\/revisions"}],"predecessor-version":[{"id":3508,"href":"https:\/\/cbpex.com.br\/academy\/wp-json\/wp\/v2\/product\/248\/revisions\/3508"}],"wp:featuredmedia":[{"embeddable":true,"href":"https:\/\/cbpex.com.br\/academy\/wp-json\/wp\/v2\/media\/754"}],"wp:attachment":[{"href":"https:\/\/cbpex.com.br\/academy\/wp-json\/wp\/v2\/media?parent=248"}],"wp:term":[{"taxonomy":"product_cat","embeddable":true,"href":"https:\/\/cbpex.com.br\/academy\/wp-json\/wp\/v2\/product_cat?post=248"},{"taxonomy":"product_tag","embeddable":true,"href":"https:\/\/cbpex.com.br\/academy\/wp-json\/wp\/v2\/product_tag?post=248"}],"curies":[{"name":"wp","href":"https:\/\/api.w.org\/{rel}","templated":true}]}}