{"id":2603,"date":"2021-10-01T11:17:10","date_gmt":"2021-10-01T14:17:10","guid":{"rendered":"https:\/\/cbpex.com.br\/academy\/?post_type=product&#038;p=2603"},"modified":"2021-12-14T11:24:42","modified_gmt":"2021-12-14T14:24:42","slug":"pos-saude-publica-promo","status":"publish","type":"product","link":"https:\/\/cbpex.com.br\/academy\/produto\/pos-saude-publica-promo\/","title":{"rendered":"P\u00f3s &#8211; Sa\u00fade P\u00fablica (PROMO)"},"content":{"rendered":"","protected":false},"excerpt":{"rendered":"<h3>Estado, Sociedade e Pol\u00edticas de Sa\u00fade.<br \/>\n\u00c9tica e Bio\u00e9tica na Sa\u00fade<br \/>\nEpidemiologia.<br \/>\nVigil\u00e2ncia em Sa\u00fade<br \/>\nFarmacologia e Sa\u00fade P\u00fablica.<br \/>\nPsicologia das Rela\u00e7\u00f5es Humanas.<br \/>\nMetodologia do Trabalho Cient\u00edfico I.<br \/>\nAdministra\u00e7\u00e3o dos Servi\u00e7os e Recursos de Sa\u00fade.<br \/>\nPrograma de Sa\u00fade da Fam\u00edlia.<br \/>\nNutri\u00e7\u00e3o Humana e Sa\u00fade P\u00fablica<br \/>\nBioestatistica Aplicada a Sa\u00fade P\u00fablica<br \/>\nMetodologia do Trabalho Cient\u00edfico II.<br \/>\nTrabalho de Conclus\u00e3o de Curso &#8211; TCC<\/h3>\n","protected":false},"featured_media":788,"template":"","meta":[],"product_cat":[20],"product_tag":[],"class_list":{"0":"post-2603","1":"product","2":"type-product","3":"status-publish","4":"has-post-thumbnail","6":"product_cat-pos-graduacao-especializacao","8":"first","9":"instock","10":"downloadable","11":"virtual","12":"sold-individually","13":"taxable","14":"purchasable","15":"product-type-simple"},"_links":{"self":[{"href":"https:\/\/cbpex.com.br\/academy\/wp-json\/wp\/v2\/product\/2603","targetHints":{"allow":["GET"]}}],"collection":[{"href":"https:\/\/cbpex.com.br\/academy\/wp-json\/wp\/v2\/product"}],"about":[{"href":"https:\/\/cbpex.com.br\/academy\/wp-json\/wp\/v2\/types\/product"}],"version-history":[{"count":3,"href":"https:\/\/cbpex.com.br\/academy\/wp-json\/wp\/v2\/product\/2603\/revisions"}],"predecessor-version":[{"id":4964,"href":"https:\/\/cbpex.com.br\/academy\/wp-json\/wp\/v2\/product\/2603\/revisions\/4964"}],"wp:featuredmedia":[{"embeddable":true,"href":"https:\/\/cbpex.com.br\/academy\/wp-json\/wp\/v2\/media\/788"}],"wp:attachment":[{"href":"https:\/\/cbpex.com.br\/academy\/wp-json\/wp\/v2\/media?parent=2603"}],"wp:term":[{"taxonomy":"product_cat","embeddable":true,"href":"https:\/\/cbpex.com.br\/academy\/wp-json\/wp\/v2\/product_cat?post=2603"},{"taxonomy":"product_tag","embeddable":true,"href":"https:\/\/cbpex.com.br\/academy\/wp-json\/wp\/v2\/product_tag?post=2603"}],"curies":[{"name":"wp","href":"https:\/\/api.w.org\/{rel}","templated":true}]}}