{"id":2611,"date":"2021-10-01T11:20:17","date_gmt":"2021-10-01T14:20:17","guid":{"rendered":"https:\/\/cbpex.com.br\/academy\/?post_type=product&#038;p=2611"},"modified":"2021-12-14T11:24:42","modified_gmt":"2021-12-14T14:24:42","slug":"pos-supervisao-e-orientacao-educacional-promo","status":"publish","type":"product","link":"https:\/\/cbpex.com.br\/academy\/produto\/pos-supervisao-e-orientacao-educacional-promo\/","title":{"rendered":"P\u00f3s &#8211; Supervis\u00e3o e Orienta\u00e7\u00e3o Educacional (Promo)"},"content":{"rendered":"","protected":false},"excerpt":{"rendered":"<p>Psicologia das Rela\u00e7\u00f5es Humanas e o Processo Ensino-Aprendizagem<br \/>\nFundamentos da Supervis\u00e3o Pedag\u00f3gica<br \/>\nFundamentos da Orienta\u00e7\u00e3o Educacional<br \/>\nEduca\u00e7\u00e3o Inclusiva<br \/>\nMetodologia do Trabalho Cient\u00edfico I<br \/>\nPsicologia da Aprendizagem<br \/>\nPsicologia da Inf\u00e2ncia e da Adolesc\u00eancia<br \/>\nLeitura e Produ\u00e7\u00e3o de Textos: a Forma\u00e7\u00e3o do Leitor<br \/>\nAvalia\u00e7\u00e3o da Aprendizagem<br \/>\nDificuldades de Aprendizagem<br \/>\nMetodologia do Ensino Superior<br \/>\nProjeto Pol\u00edtico Pedag\u00f3gico<br \/>\nMetodologia do Trabalho Cient\u00edfico II<\/p>\n","protected":false},"featured_media":769,"template":"","meta":[],"product_cat":[20],"product_tag":[],"class_list":{"0":"post-2611","1":"product","2":"type-product","3":"status-publish","4":"has-post-thumbnail","6":"product_cat-pos-graduacao-especializacao","8":"first","9":"instock","10":"sold-individually","11":"purchasable","12":"product-type-simple"},"_links":{"self":[{"href":"https:\/\/cbpex.com.br\/academy\/wp-json\/wp\/v2\/product\/2611","targetHints":{"allow":["GET"]}}],"collection":[{"href":"https:\/\/cbpex.com.br\/academy\/wp-json\/wp\/v2\/product"}],"about":[{"href":"https:\/\/cbpex.com.br\/academy\/wp-json\/wp\/v2\/types\/product"}],"version-history":[{"count":2,"href":"https:\/\/cbpex.com.br\/academy\/wp-json\/wp\/v2\/product\/2611\/revisions"}],"predecessor-version":[{"id":3559,"href":"https:\/\/cbpex.com.br\/academy\/wp-json\/wp\/v2\/product\/2611\/revisions\/3559"}],"wp:featuredmedia":[{"embeddable":true,"href":"https:\/\/cbpex.com.br\/academy\/wp-json\/wp\/v2\/media\/769"}],"wp:attachment":[{"href":"https:\/\/cbpex.com.br\/academy\/wp-json\/wp\/v2\/media?parent=2611"}],"wp:term":[{"taxonomy":"product_cat","embeddable":true,"href":"https:\/\/cbpex.com.br\/academy\/wp-json\/wp\/v2\/product_cat?post=2611"},{"taxonomy":"product_tag","embeddable":true,"href":"https:\/\/cbpex.com.br\/academy\/wp-json\/wp\/v2\/product_tag?post=2611"}],"curies":[{"name":"wp","href":"https:\/\/api.w.org\/{rel}","templated":true}]}}