{"id":264,"date":"2021-02-26T10:31:20","date_gmt":"2021-02-26T13:31:20","guid":{"rendered":"https:\/\/fabexfaculdade.com.br\/academy\/?product=especializacao-em-sexualidade-humana-intensivo"},"modified":"2021-12-14T11:24:40","modified_gmt":"2021-12-14T14:24:40","slug":"especializacao-em-sexualidade-humana-intensivo","status":"publish","type":"product","link":"https:\/\/cbpex.com.br\/academy\/produto\/especializacao-em-sexualidade-humana-intensivo\/","title":{"rendered":"P\u00f3s &#8211; Sexualidade Humana <br> (Intensivo &#8211; 6 Meses)"},"content":{"rendered":"","protected":false},"excerpt":{"rendered":"<h3>Hist\u00f3ria da Sexualidade.<br \/>\nBases Anat\u00f4micas e Fisiol\u00f3gicas da Sexualidade Humana<br \/>\nDesenvolvimento Humano e Sexualidade<br \/>\nPsicologia das Rela\u00e7\u00f5es Humanas e Sexualidade<br \/>\nMetodologia do Trabalho Cient\u00edfico I<br \/>\nDisfun\u00e7\u00f5es Sexuais<br \/>\nTratamento das Disfun\u00e7\u00f5es Sexuais Masculina e Feminina<br \/>\nPsicologia e Psicopatologia da Sexualidade Humana<br \/>\nVaria\u00e7\u00f5es da Pratica Sexual: Dimens\u00e3o Antropol\u00f3gica e Cultural<br \/>\n\u00c9tica e Bio\u00e9tica<br \/>\nFundamentos da Terapia e da Sexologia Cl\u00ednica<br \/>\nMetodologia do Ensino Superior<br \/>\nEduca\u00e7\u00e3o Sexual<br \/>\nMetodologia do Trabalho Cient\u00edfico II<br \/>\nTrabalho de Conclus\u00e3o de Curso &#8211; TCC<\/h3>\n","protected":false},"featured_media":1488,"template":"","meta":[],"product_cat":[20],"product_tag":[],"class_list":{"0":"post-264","1":"product","2":"type-product","3":"status-publish","4":"has-post-thumbnail","6":"product_cat-pos-graduacao-especializacao","8":"first","9":"instock","10":"downloadable","11":"virtual","12":"sold-individually","13":"taxable","14":"purchasable","15":"product-type-simple"},"_links":{"self":[{"href":"https:\/\/cbpex.com.br\/academy\/wp-json\/wp\/v2\/product\/264","targetHints":{"allow":["GET"]}}],"collection":[{"href":"https:\/\/cbpex.com.br\/academy\/wp-json\/wp\/v2\/product"}],"about":[{"href":"https:\/\/cbpex.com.br\/academy\/wp-json\/wp\/v2\/types\/product"}],"version-history":[{"count":7,"href":"https:\/\/cbpex.com.br\/academy\/wp-json\/wp\/v2\/product\/264\/revisions"}],"predecessor-version":[{"id":3514,"href":"https:\/\/cbpex.com.br\/academy\/wp-json\/wp\/v2\/product\/264\/revisions\/3514"}],"wp:featuredmedia":[{"embeddable":true,"href":"https:\/\/cbpex.com.br\/academy\/wp-json\/wp\/v2\/media\/1488"}],"wp:attachment":[{"href":"https:\/\/cbpex.com.br\/academy\/wp-json\/wp\/v2\/media?parent=264"}],"wp:term":[{"taxonomy":"product_cat","embeddable":true,"href":"https:\/\/cbpex.com.br\/academy\/wp-json\/wp\/v2\/product_cat?post=264"},{"taxonomy":"product_tag","embeddable":true,"href":"https:\/\/cbpex.com.br\/academy\/wp-json\/wp\/v2\/product_tag?post=264"}],"curies":[{"name":"wp","href":"https:\/\/api.w.org\/{rel}","templated":true}]}}