{"id":266,"date":"2021-02-26T10:31:20","date_gmt":"2021-02-26T13:31:20","guid":{"rendered":"https:\/\/fabexfaculdade.com.br\/academy\/?product=jpech01-enfermagem-cardiologica-e-hemodinamica"},"modified":"2024-01-04T10:50:30","modified_gmt":"2024-01-04T13:50:30","slug":"jpech01-enfermagem-cardiologica-e-hemodinamica","status":"publish","type":"product","link":"https:\/\/cbpex.com.br\/academy\/produto\/jpech01-enfermagem-cardiologica-e-hemodinamica\/","title":{"rendered":"P\u00f3s &#8211; Enfermagem Cardiol\u00f3gica e Hermodin\u00e2mica"},"content":{"rendered":"","protected":false},"excerpt":{"rendered":"<h3>Anatomia e fisiologia do sistema cardiovascular.<br \/>\nSistematiza\u00e7\u00e3o da Assist\u00eancia de Enfermagem aplicada \u00e0 Cardiologia<br \/>\nFarmacologia aplicada na Assist\u00eancia de Enfermagem em Cardiologia<br \/>\nUrg\u00eancias e Emerg\u00eancias Cardiovasculares<br \/>\nMetodologia do Trabalho Cient\u00edfico I<br \/>\nCardiopatias Cl\u00ednicas, Cir\u00fargicas e Cardiopediatria<br \/>\nAvalia\u00e7\u00e3o Cl\u00ednica aplicada \u00e0 Enfermagem em Cardiologia<br \/>\nGest\u00e3o de Enfermagem nas Unidades de Cardiologia e Hemodin\u00e2mica<br \/>\n\u00c9tica, Bio\u00e9tica e Humaniza\u00e7\u00e3o da Assist\u00eancia Cardiol\u00f3gica<br \/>\nAssist\u00eancia Cardiovascular em Terapia Intensiva<br \/>\nPsicologia das Rela\u00e7\u00f5es Humanas Aplicada.<br \/>\nAssist\u00eancia de Enfermagem em Hemodin\u00e2mica<br \/>\nEnfermagem e Controle de Infec\u00e7\u00e3o Hospitalar<br \/>\nMetodologia do Trabalho Cient\u00edfico II<br \/>\nTrabalho de Conclus\u00e3o de Curso &#8211; TCC<\/h3>\n","protected":false},"featured_media":807,"template":"","meta":[],"product_cat":[54,20],"product_tag":[],"class_list":{"0":"post-266","1":"product","2":"type-product","3":"status-publish","4":"has-post-thumbnail","6":"product_cat-pos_promo","7":"product_cat-pos-graduacao-especializacao","9":"first","10":"instock","11":"downloadable","12":"virtual","13":"sold-individually","14":"taxable","15":"purchasable","16":"product-type-simple"},"_links":{"self":[{"href":"https:\/\/cbpex.com.br\/academy\/wp-json\/wp\/v2\/product\/266","targetHints":{"allow":["GET"]}}],"collection":[{"href":"https:\/\/cbpex.com.br\/academy\/wp-json\/wp\/v2\/product"}],"about":[{"href":"https:\/\/cbpex.com.br\/academy\/wp-json\/wp\/v2\/types\/product"}],"version-history":[{"count":5,"href":"https:\/\/cbpex.com.br\/academy\/wp-json\/wp\/v2\/product\/266\/revisions"}],"predecessor-version":[{"id":3515,"href":"https:\/\/cbpex.com.br\/academy\/wp-json\/wp\/v2\/product\/266\/revisions\/3515"}],"wp:featuredmedia":[{"embeddable":true,"href":"https:\/\/cbpex.com.br\/academy\/wp-json\/wp\/v2\/media\/807"}],"wp:attachment":[{"href":"https:\/\/cbpex.com.br\/academy\/wp-json\/wp\/v2\/media?parent=266"}],"wp:term":[{"taxonomy":"product_cat","embeddable":true,"href":"https:\/\/cbpex.com.br\/academy\/wp-json\/wp\/v2\/product_cat?post=266"},{"taxonomy":"product_tag","embeddable":true,"href":"https:\/\/cbpex.com.br\/academy\/wp-json\/wp\/v2\/product_tag?post=266"}],"curies":[{"name":"wp","href":"https:\/\/api.w.org\/{rel}","templated":true}]}}