{"id":267,"date":"2021-02-26T10:31:20","date_gmt":"2021-02-26T13:31:20","guid":{"rendered":"https:\/\/fabexfaculdade.com.br\/academy\/?product=jpeoc02-enfermagem-oncologica"},"modified":"2024-01-04T10:50:46","modified_gmt":"2024-01-04T13:50:46","slug":"jpeoc02-enfermagem-oncologica","status":"publish","type":"product","link":"https:\/\/cbpex.com.br\/academy\/produto\/jpeoc02-enfermagem-oncologica\/","title":{"rendered":"P\u00f3s &#8211; Enfermagem Oncol\u00f3gica"},"content":{"rendered":"","protected":false},"excerpt":{"rendered":"<p>Pol\u00edtica Nacional de Aten\u00e7\u00e3o Oncol\u00f3gica<br \/>\nPreven\u00e7\u00e3o, Diagn\u00f3stico Precoce e Controle do C\u00e2ncer<br \/>\nFisiopatologia do C\u00e2ncer<br \/>\nPsicologia das Rela\u00e7\u00f5es Humanas Aplicada<br \/>\nMetodologia do trabalho Cient\u00edfico I<br \/>\nInterven\u00e7\u00f5es de Enfermagem no Controle do C\u00e2ncer<br \/>\nAssist\u00eancia de Enfermagem Oncol\u00f3gica I: Quimioterapia e TMO<br \/>\nAssist\u00eancia de Enfermagem Oncol\u00f3gica II: Cirurgia e Radioterapia<br \/>\nAssist\u00eancia de Enfermagem Oncol\u00f3gica III: Cuidados Paliativos e Controle da dor<br \/>\nEnfermagem e Oncologia Pedi\u00e1trica<br \/>\nEpidemiologia do C\u00e2ncer<br \/>\nGest\u00e3o de Enfermagem em Unidades Cl\u00ednicas Oncol\u00f3gicas<br \/>\nMetodologia do trabalho Cient\u00edfico II<\/p>\n<p>Trabalho de Conclus\u00e3o de Curso &#8211; TCC<\/p>\n","protected":false},"featured_media":811,"template":"","meta":[],"product_cat":[54,20],"product_tag":[],"class_list":{"0":"post-267","1":"product","2":"type-product","3":"status-publish","4":"has-post-thumbnail","6":"product_cat-pos_promo","7":"product_cat-pos-graduacao-especializacao","9":"first","10":"instock","11":"downloadable","12":"virtual","13":"sold-individually","14":"taxable","15":"purchasable","16":"product-type-simple"},"_links":{"self":[{"href":"https:\/\/cbpex.com.br\/academy\/wp-json\/wp\/v2\/product\/267","targetHints":{"allow":["GET"]}}],"collection":[{"href":"https:\/\/cbpex.com.br\/academy\/wp-json\/wp\/v2\/product"}],"about":[{"href":"https:\/\/cbpex.com.br\/academy\/wp-json\/wp\/v2\/types\/product"}],"version-history":[{"count":5,"href":"https:\/\/cbpex.com.br\/academy\/wp-json\/wp\/v2\/product\/267\/revisions"}],"predecessor-version":[{"id":3516,"href":"https:\/\/cbpex.com.br\/academy\/wp-json\/wp\/v2\/product\/267\/revisions\/3516"}],"wp:featuredmedia":[{"embeddable":true,"href":"https:\/\/cbpex.com.br\/academy\/wp-json\/wp\/v2\/media\/811"}],"wp:attachment":[{"href":"https:\/\/cbpex.com.br\/academy\/wp-json\/wp\/v2\/media?parent=267"}],"wp:term":[{"taxonomy":"product_cat","embeddable":true,"href":"https:\/\/cbpex.com.br\/academy\/wp-json\/wp\/v2\/product_cat?post=267"},{"taxonomy":"product_tag","embeddable":true,"href":"https:\/\/cbpex.com.br\/academy\/wp-json\/wp\/v2\/product_tag?post=267"}],"curies":[{"name":"wp","href":"https:\/\/api.w.org\/{rel}","templated":true}]}}