{"id":268,"date":"2021-02-26T10:31:20","date_gmt":"2021-02-26T13:31:20","guid":{"rendered":"https:\/\/fabexfaculdade.com.br\/academy\/?product=especializacao-em-supervisao-e-orientacao-educacional"},"modified":"2024-01-04T10:52:12","modified_gmt":"2024-01-04T13:52:12","slug":"especializacao-em-supervisao-e-orientacao-educacional","status":"publish","type":"product","link":"https:\/\/cbpex.com.br\/academy\/produto\/especializacao-em-supervisao-e-orientacao-educacional\/","title":{"rendered":"P\u00f3s &#8211; Supervis\u00e3o e Orienta\u00e7\u00e3o Educacional (Extensivo)"},"content":{"rendered":"","protected":false},"excerpt":{"rendered":"<p>Psicologia das Rela\u00e7\u00f5es Humanas e o Processo Ensino-Aprendizagem<br \/>\nFundamentos da Supervis\u00e3o Pedag\u00f3gica<br \/>\nFundamentos da Orienta\u00e7\u00e3o Educacional<br \/>\nEduca\u00e7\u00e3o Inclusiva<br \/>\nMetodologia do Trabalho Cient\u00edfico I<br \/>\nPsicologia da Aprendizagem<br \/>\nPsicologia da Inf\u00e2ncia e da Adolesc\u00eancia<br \/>\nLeitura e Produ\u00e7\u00e3o de Textos: a Forma\u00e7\u00e3o do Leitor<br \/>\nAvalia\u00e7\u00e3o da Aprendizagem<br \/>\nDificuldades de Aprendizagem<br \/>\nMetodologia do Ensino Superior<br \/>\nProjeto Pol\u00edtico Pedag\u00f3gico<br \/>\nMetodologia do Trabalho Cient\u00edfico II<\/p>\n","protected":false},"featured_media":769,"template":"","meta":[],"product_cat":[54,20],"product_tag":[],"class_list":{"0":"post-268","1":"product","2":"type-product","3":"status-publish","4":"has-post-thumbnail","6":"product_cat-pos_promo","7":"product_cat-pos-graduacao-especializacao","9":"first","10":"instock","11":"sold-individually","12":"purchasable","13":"product-type-simple"},"_links":{"self":[{"href":"https:\/\/cbpex.com.br\/academy\/wp-json\/wp\/v2\/product\/268","targetHints":{"allow":["GET"]}}],"collection":[{"href":"https:\/\/cbpex.com.br\/academy\/wp-json\/wp\/v2\/product"}],"about":[{"href":"https:\/\/cbpex.com.br\/academy\/wp-json\/wp\/v2\/types\/product"}],"version-history":[{"count":7,"href":"https:\/\/cbpex.com.br\/academy\/wp-json\/wp\/v2\/product\/268\/revisions"}],"predecessor-version":[{"id":3517,"href":"https:\/\/cbpex.com.br\/academy\/wp-json\/wp\/v2\/product\/268\/revisions\/3517"}],"wp:featuredmedia":[{"embeddable":true,"href":"https:\/\/cbpex.com.br\/academy\/wp-json\/wp\/v2\/media\/769"}],"wp:attachment":[{"href":"https:\/\/cbpex.com.br\/academy\/wp-json\/wp\/v2\/media?parent=268"}],"wp:term":[{"taxonomy":"product_cat","embeddable":true,"href":"https:\/\/cbpex.com.br\/academy\/wp-json\/wp\/v2\/product_cat?post=268"},{"taxonomy":"product_tag","embeddable":true,"href":"https:\/\/cbpex.com.br\/academy\/wp-json\/wp\/v2\/product_tag?post=268"}],"curies":[{"name":"wp","href":"https:\/\/api.w.org\/{rel}","templated":true}]}}