{"id":3566,"date":"2021-12-14T11:35:20","date_gmt":"2021-12-14T14:35:20","guid":{"rendered":"https:\/\/cbpex.com.br\/academy\/produto\/extensao-em-gestao-de-politicas-publicas\/"},"modified":"2021-12-14T11:37:12","modified_gmt":"2021-12-14T14:37:12","slug":"extensao-em-gestao-de-politicas-publicas","status":"publish","type":"product","link":"https:\/\/cbpex.com.br\/academy\/produto\/extensao-em-gestao-de-politicas-publicas\/","title":{"rendered":"Extens\u00e3o em Gest\u00e3o de Pol\u00edticas P\u00fablicas"},"content":{"rendered":"","protected":false},"excerpt":{"rendered":"","protected":false},"featured_media":3487,"template":"","meta":[],"product_cat":[52],"product_tag":[],"class_list":{"0":"post-3566","1":"product","2":"type-product","3":"status-publish","4":"has-post-thumbnail","6":"product_cat-cursosdeextensaocbpex","8":"first","9":"instock","10":"sale","11":"downloadable","12":"virtual","13":"taxable","14":"purchasable","15":"product-type-simple"},"_links":{"self":[{"href":"https:\/\/cbpex.com.br\/academy\/wp-json\/wp\/v2\/product\/3566","targetHints":{"allow":["GET"]}}],"collection":[{"href":"https:\/\/cbpex.com.br\/academy\/wp-json\/wp\/v2\/product"}],"about":[{"href":"https:\/\/cbpex.com.br\/academy\/wp-json\/wp\/v2\/types\/product"}],"version-history":[{"count":1,"href":"https:\/\/cbpex.com.br\/academy\/wp-json\/wp\/v2\/product\/3566\/revisions"}],"predecessor-version":[{"id":3567,"href":"https:\/\/cbpex.com.br\/academy\/wp-json\/wp\/v2\/product\/3566\/revisions\/3567"}],"wp:featuredmedia":[{"embeddable":true,"href":"https:\/\/cbpex.com.br\/academy\/wp-json\/wp\/v2\/media\/3487"}],"wp:attachment":[{"href":"https:\/\/cbpex.com.br\/academy\/wp-json\/wp\/v2\/media?parent=3566"}],"wp:term":[{"taxonomy":"product_cat","embeddable":true,"href":"https:\/\/cbpex.com.br\/academy\/wp-json\/wp\/v2\/product_cat?post=3566"},{"taxonomy":"product_tag","embeddable":true,"href":"https:\/\/cbpex.com.br\/academy\/wp-json\/wp\/v2\/product_tag?post=3566"}],"curies":[{"name":"wp","href":"https:\/\/api.w.org\/{rel}","templated":true}]}}