{"id":4784,"date":"2023-12-30T07:29:50","date_gmt":"2023-12-30T10:29:50","guid":{"rendered":"https:\/\/cbpex.com.br\/academy\/?post_type=product&#038;p=4784"},"modified":"2024-01-04T11:07:12","modified_gmt":"2024-01-04T14:07:12","slug":"pos-epidemiologia-e-controle-de-infeccao-hospitalar-2","status":"publish","type":"product","link":"https:\/\/cbpex.com.br\/academy\/produto\/pos-epidemiologia-e-controle-de-infeccao-hospitalar-2\/","title":{"rendered":"P\u00f3s &#8211; Epidemiologia e Controle de Infec\u00e7\u00e3o Hospitalar"},"content":{"rendered":"","protected":false},"excerpt":{"rendered":"<p>Epidemiologia Aplicada \u00e0 Preven\u00e7\u00e3o e ao Controle da Infec\u00e7\u00e3o Hospitalar<br \/>\nEpidemiologia Hospitalar e Servi\u00e7os de Sa\u00fade<br \/>\nMicrobiologia Aplicada ao Controle da Infec\u00e7\u00e3o Hospitalar<br \/>\nMetodologia do Trabalho Cient\u00edfico I<br \/>\nS\u00edndromes Infecciosas Hospitalares<br \/>\nPedagogia da Preven\u00e7\u00e3o \u00e0 Infec\u00e7\u00e3o Hospitalar<br \/>\nBiosseguran\u00e7a e Bio\u00e9tica<br \/>\nFarmacologia e Profilaxia dos Processos Inflamat\u00f3rios e Infecciosos<br \/>\nComiss\u00e3o de Controle de Infec\u00e7\u00e3o Hospitalar<br \/>\nOrganiza\u00e7\u00e3o do Programa de Controle de Infec\u00e7\u00e3o Hospitalar<br \/>\nMetodologia do Ensino Superior<br \/>\nMetodologia do Trabalho Cient\u00edfico II<\/p>\n","protected":false},"featured_media":2342,"template":"","meta":[],"product_cat":[57],"product_tag":[],"class_list":{"0":"post-4784","1":"product","2":"type-product","3":"status-publish","4":"has-post-thumbnail","6":"product_cat-pos_promo2","8":"first","9":"instock","10":"downloadable","11":"virtual","12":"sold-individually","13":"taxable","14":"purchasable","15":"product-type-simple"},"_links":{"self":[{"href":"https:\/\/cbpex.com.br\/academy\/wp-json\/wp\/v2\/product\/4784","targetHints":{"allow":["GET"]}}],"collection":[{"href":"https:\/\/cbpex.com.br\/academy\/wp-json\/wp\/v2\/product"}],"about":[{"href":"https:\/\/cbpex.com.br\/academy\/wp-json\/wp\/v2\/types\/product"}],"version-history":[{"count":2,"href":"https:\/\/cbpex.com.br\/academy\/wp-json\/wp\/v2\/product\/4784\/revisions"}],"predecessor-version":[{"id":4843,"href":"https:\/\/cbpex.com.br\/academy\/wp-json\/wp\/v2\/product\/4784\/revisions\/4843"}],"wp:featuredmedia":[{"embeddable":true,"href":"https:\/\/cbpex.com.br\/academy\/wp-json\/wp\/v2\/media\/2342"}],"wp:attachment":[{"href":"https:\/\/cbpex.com.br\/academy\/wp-json\/wp\/v2\/media?parent=4784"}],"wp:term":[{"taxonomy":"product_cat","embeddable":true,"href":"https:\/\/cbpex.com.br\/academy\/wp-json\/wp\/v2\/product_cat?post=4784"},{"taxonomy":"product_tag","embeddable":true,"href":"https:\/\/cbpex.com.br\/academy\/wp-json\/wp\/v2\/product_tag?post=4784"}],"curies":[{"name":"wp","href":"https:\/\/api.w.org\/{rel}","templated":true}]}}