{"id":4789,"date":"2023-12-30T08:31:12","date_gmt":"2023-12-30T11:31:12","guid":{"rendered":"https:\/\/cbpex.com.br\/academy\/?post_type=product&#038;p=4789"},"modified":"2024-01-04T11:07:06","modified_gmt":"2024-01-04T14:07:06","slug":"pos-enfermagem-do-trabalho2","status":"publish","type":"product","link":"https:\/\/cbpex.com.br\/academy\/produto\/pos-enfermagem-do-trabalho2\/","title":{"rendered":"P\u00f3s &#8211; Enfermagem do Trabalho"},"content":{"rendered":"","protected":false},"excerpt":{"rendered":"<p>Psicologia das Rela\u00e7\u00f5es Humanas no trabalho<br \/>\nFundamentos da enfermagem do trabalho<br \/>\nMetodologia do trabalho cient\u00edfico I<br \/>\nLegisla\u00e7\u00e3o e Pol\u00edtica Nacional de Sa\u00fade do Trabalhador<br \/>\nBioestat\u00edstica e Trabalho<br \/>\nPatologias Ocupacionais<br \/>\nSa\u00fade Preventiva Ambiental e Ocupacional<br \/>\nEpidemiologia e Enfermagem do Trabalho<br \/>\nBioseguran\u00e7a e Vigil\u00e2ncia em Sa\u00fade do Trabalhador<br \/>\nMetodologia do Ensino Superior<br \/>\nPsicologia do Trabalho e Motiva\u00e7\u00e3o do Trabalhador<br \/>\nHigiene e Seguran\u00e7a do Trabalho<br \/>\nMetodologia do Trabalho Cient\u00edfico II<\/p>\n","protected":false},"featured_media":2341,"template":"","meta":[],"product_cat":[57],"product_tag":[],"class_list":{"0":"post-4789","1":"product","2":"type-product","3":"status-publish","4":"has-post-thumbnail","6":"product_cat-pos_promo2","8":"first","9":"instock","10":"downloadable","11":"virtual","12":"sold-individually","13":"taxable","14":"purchasable","15":"product-type-simple"},"_links":{"self":[{"href":"https:\/\/cbpex.com.br\/academy\/wp-json\/wp\/v2\/product\/4789","targetHints":{"allow":["GET"]}}],"collection":[{"href":"https:\/\/cbpex.com.br\/academy\/wp-json\/wp\/v2\/product"}],"about":[{"href":"https:\/\/cbpex.com.br\/academy\/wp-json\/wp\/v2\/types\/product"}],"version-history":[{"count":1,"href":"https:\/\/cbpex.com.br\/academy\/wp-json\/wp\/v2\/product\/4789\/revisions"}],"predecessor-version":[{"id":4790,"href":"https:\/\/cbpex.com.br\/academy\/wp-json\/wp\/v2\/product\/4789\/revisions\/4790"}],"wp:featuredmedia":[{"embeddable":true,"href":"https:\/\/cbpex.com.br\/academy\/wp-json\/wp\/v2\/media\/2341"}],"wp:attachment":[{"href":"https:\/\/cbpex.com.br\/academy\/wp-json\/wp\/v2\/media?parent=4789"}],"wp:term":[{"taxonomy":"product_cat","embeddable":true,"href":"https:\/\/cbpex.com.br\/academy\/wp-json\/wp\/v2\/product_cat?post=4789"},{"taxonomy":"product_tag","embeddable":true,"href":"https:\/\/cbpex.com.br\/academy\/wp-json\/wp\/v2\/product_tag?post=4789"}],"curies":[{"name":"wp","href":"https:\/\/api.w.org\/{rel}","templated":true}]}}