{"id":4791,"date":"2023-12-30T08:35:03","date_gmt":"2023-12-30T11:35:03","guid":{"rendered":"https:\/\/cbpex.com.br\/academy\/?post_type=product&#038;p=4791"},"modified":"2024-01-04T11:06:56","modified_gmt":"2024-01-04T14:06:56","slug":"pos-ciencias-forenses-e-pericia-criminal2","status":"publish","type":"product","link":"https:\/\/cbpex.com.br\/academy\/produto\/pos-ciencias-forenses-e-pericia-criminal2\/","title":{"rendered":"P\u00f3s &#8211; Ci\u00eancias Forenses e Per\u00edcia Criminal"},"content":{"rendered":"","protected":false},"excerpt":{"rendered":"<p>Pericial Criminal: Aspectos Hist\u00f3ricos e Fundamentos Jur\u00eddicos<br \/>\nFundamentos Cient\u00edficos da Criminal\u00edstica<br \/>\nBal\u00edstica Forense<br \/>\nPer\u00edcia Grafot\u00e9cnica<br \/>\nMetodologia do Trabalho Cient\u00edfico I<br \/>\nFundamentos da Antropologia Forense<br \/>\nPer\u00edcia Papilosc\u00f3pica<br \/>\nConfec\u00e7\u00e3o de Laudos e Pareceres Periciais<br \/>\nCrimes na Inform\u00e1tica e Per\u00edcia Computacional<br \/>\nPer\u00edcias Ambientais<br \/>\nMetodologia do Trabalho Cient\u00edfico II<\/p>\n","protected":false},"featured_media":1691,"template":"","meta":[],"product_cat":[57],"product_tag":[],"class_list":{"0":"post-4791","1":"product","2":"type-product","3":"status-publish","4":"has-post-thumbnail","6":"product_cat-pos_promo2","8":"first","9":"instock","10":"downloadable","11":"virtual","12":"sold-individually","13":"taxable","14":"purchasable","15":"product-type-simple"},"_links":{"self":[{"href":"https:\/\/cbpex.com.br\/academy\/wp-json\/wp\/v2\/product\/4791","targetHints":{"allow":["GET"]}}],"collection":[{"href":"https:\/\/cbpex.com.br\/academy\/wp-json\/wp\/v2\/product"}],"about":[{"href":"https:\/\/cbpex.com.br\/academy\/wp-json\/wp\/v2\/types\/product"}],"version-history":[{"count":1,"href":"https:\/\/cbpex.com.br\/academy\/wp-json\/wp\/v2\/product\/4791\/revisions"}],"predecessor-version":[{"id":4792,"href":"https:\/\/cbpex.com.br\/academy\/wp-json\/wp\/v2\/product\/4791\/revisions\/4792"}],"wp:featuredmedia":[{"embeddable":true,"href":"https:\/\/cbpex.com.br\/academy\/wp-json\/wp\/v2\/media\/1691"}],"wp:attachment":[{"href":"https:\/\/cbpex.com.br\/academy\/wp-json\/wp\/v2\/media?parent=4791"}],"wp:term":[{"taxonomy":"product_cat","embeddable":true,"href":"https:\/\/cbpex.com.br\/academy\/wp-json\/wp\/v2\/product_cat?post=4791"},{"taxonomy":"product_tag","embeddable":true,"href":"https:\/\/cbpex.com.br\/academy\/wp-json\/wp\/v2\/product_tag?post=4791"}],"curies":[{"name":"wp","href":"https:\/\/api.w.org\/{rel}","templated":true}]}}