{"id":4793,"date":"2023-12-30T08:59:38","date_gmt":"2023-12-30T11:59:38","guid":{"rendered":"https:\/\/cbpex.com.br\/academy\/?post_type=product&#038;p=4793"},"modified":"2024-01-04T11:06:20","modified_gmt":"2024-01-04T14:06:20","slug":"pos-neuropsicopedagia-institucional-clinica-e-hospitalar2","status":"publish","type":"product","link":"https:\/\/cbpex.com.br\/academy\/produto\/pos-neuropsicopedagia-institucional-clinica-e-hospitalar2\/","title":{"rendered":"P\u00f3s &#8211; Neuropsicopedagia: Institucional, Cl\u00ednica e Hospitalar"},"content":{"rendered":"","protected":false},"excerpt":{"rendered":"<p>Neuropsicopedagogia: Hist\u00f3rico e Fundamentos Cient\u00edficos.<\/p>\n<p>Neuroanatomia funcional, Plasticidade Cerebral e Fun\u00e7\u00f5es Cognitivas.<\/p>\n<p>Psicologia do Desenvolvimento e Aprendizagem.<\/p>\n<p>A Neuroci\u00eancia e os Transtornos da Aprendizagem.<\/p>\n<p>O Neuropsicopedagogo e o Transtorno do Espectro Autista.<\/p>\n<p>Metodologia do Trabalho Cient\u00edfico I.<\/p>\n<p>Neuropsicopedagogia e Transtornos Neurocognitvos.<\/p>\n<p>Instrumentos de Avalia\u00e7\u00e3o Neuropsicol\u00f3gica.<\/p>\n<p>Avalia\u00e7\u00e3o e Interven\u00e7\u00e3o do Neuropsicopedagogo em Crian\u00e7as e Adolescentes.<\/p>\n<p>Avalia\u00e7\u00e3o e Interven\u00e7\u00e3o Neuropsicopedagogo em Adultos e Idosos.<\/p>\n<p>Neuropsicopedagogia Institucional: Atua\u00e7\u00e3o do Neuropsicopedagogo.<\/p>\n<p>Atua\u00e7\u00e3o do Neuropsicopedagogo no Universo Cl\u00ednico e Hospitalar.<\/p>\n<p>Reabilita\u00e7\u00e3o Neuropsicol\u00f3gica.<\/p>\n<p>Neuroci\u00eancia e Positividade.<\/p>\n<p>Metodologia do Trabalho Cient\u00edfico II.<\/p>\n","protected":false},"featured_media":1670,"template":"","meta":[],"product_cat":[57],"product_tag":[],"class_list":{"0":"post-4793","1":"product","2":"type-product","3":"status-publish","4":"has-post-thumbnail","6":"product_cat-pos_promo2","8":"first","9":"instock","10":"downloadable","11":"virtual","12":"sold-individually","13":"taxable","14":"purchasable","15":"product-type-simple"},"_links":{"self":[{"href":"https:\/\/cbpex.com.br\/academy\/wp-json\/wp\/v2\/product\/4793","targetHints":{"allow":["GET"]}}],"collection":[{"href":"https:\/\/cbpex.com.br\/academy\/wp-json\/wp\/v2\/product"}],"about":[{"href":"https:\/\/cbpex.com.br\/academy\/wp-json\/wp\/v2\/types\/product"}],"version-history":[{"count":1,"href":"https:\/\/cbpex.com.br\/academy\/wp-json\/wp\/v2\/product\/4793\/revisions"}],"predecessor-version":[{"id":4794,"href":"https:\/\/cbpex.com.br\/academy\/wp-json\/wp\/v2\/product\/4793\/revisions\/4794"}],"wp:featuredmedia":[{"embeddable":true,"href":"https:\/\/cbpex.com.br\/academy\/wp-json\/wp\/v2\/media\/1670"}],"wp:attachment":[{"href":"https:\/\/cbpex.com.br\/academy\/wp-json\/wp\/v2\/media?parent=4793"}],"wp:term":[{"taxonomy":"product_cat","embeddable":true,"href":"https:\/\/cbpex.com.br\/academy\/wp-json\/wp\/v2\/product_cat?post=4793"},{"taxonomy":"product_tag","embeddable":true,"href":"https:\/\/cbpex.com.br\/academy\/wp-json\/wp\/v2\/product_tag?post=4793"}],"curies":[{"name":"wp","href":"https:\/\/api.w.org\/{rel}","templated":true}]}}