{"id":4795,"date":"2023-12-30T09:02:07","date_gmt":"2023-12-30T12:02:07","guid":{"rendered":"https:\/\/cbpex.com.br\/academy\/?post_type=product&#038;p=4795"},"modified":"2024-01-04T11:06:12","modified_gmt":"2024-01-04T14:06:12","slug":"pos-terapia-intensiva-uti2","status":"publish","type":"product","link":"https:\/\/cbpex.com.br\/academy\/produto\/pos-terapia-intensiva-uti2\/","title":{"rendered":"P\u00f3s &#8211; Terapia Intensiva &#8211; UTI"},"content":{"rendered":"","protected":false},"excerpt":{"rendered":"<p>Psicologia das Rela\u00e7\u00f5es Humanas Aplicadas<br \/>\nTecnologia e Monitoriza\u00e7\u00e3o em UTI<br \/>\nInfec\u00e7\u00e3o Hospitalar em UTI: A\u00e7\u00e3o e Controle<br \/>\nMetodologia do Trabalho Cient\u00edfico I<br \/>\nFarmacologia Aplicada<br \/>\nAssist\u00eancia em UTI Neonatal e Pedi\u00e1trica<br \/>\nAssist\u00eancia Cardiovascular<br \/>\nAssist\u00eancia Renal e Gastrointestinal<br \/>\nAssist\u00eancia ao Paciente Neurol\u00f3gico<br \/>\nGest\u00e3o em UTI<br \/>\nProcesso de Enfermagem<br \/>\nMetodologia do Trabalho Cient\u00edfico II<\/p>\n<p>Trabalho de Conclus\u00e3o de Curso &#8211; TCC<\/p>\n","protected":false},"featured_media":1397,"template":"","meta":[],"product_cat":[57],"product_tag":[],"class_list":{"0":"post-4795","1":"product","2":"type-product","3":"status-publish","4":"has-post-thumbnail","6":"product_cat-pos_promo2","8":"first","9":"instock","10":"downloadable","11":"virtual","12":"sold-individually","13":"taxable","14":"purchasable","15":"product-type-simple"},"_links":{"self":[{"href":"https:\/\/cbpex.com.br\/academy\/wp-json\/wp\/v2\/product\/4795","targetHints":{"allow":["GET"]}}],"collection":[{"href":"https:\/\/cbpex.com.br\/academy\/wp-json\/wp\/v2\/product"}],"about":[{"href":"https:\/\/cbpex.com.br\/academy\/wp-json\/wp\/v2\/types\/product"}],"version-history":[{"count":1,"href":"https:\/\/cbpex.com.br\/academy\/wp-json\/wp\/v2\/product\/4795\/revisions"}],"predecessor-version":[{"id":4796,"href":"https:\/\/cbpex.com.br\/academy\/wp-json\/wp\/v2\/product\/4795\/revisions\/4796"}],"wp:featuredmedia":[{"embeddable":true,"href":"https:\/\/cbpex.com.br\/academy\/wp-json\/wp\/v2\/media\/1397"}],"wp:attachment":[{"href":"https:\/\/cbpex.com.br\/academy\/wp-json\/wp\/v2\/media?parent=4795"}],"wp:term":[{"taxonomy":"product_cat","embeddable":true,"href":"https:\/\/cbpex.com.br\/academy\/wp-json\/wp\/v2\/product_cat?post=4795"},{"taxonomy":"product_tag","embeddable":true,"href":"https:\/\/cbpex.com.br\/academy\/wp-json\/wp\/v2\/product_tag?post=4795"}],"curies":[{"name":"wp","href":"https:\/\/api.w.org\/{rel}","templated":true}]}}