{"id":4799,"date":"2023-12-30T09:04:53","date_gmt":"2023-12-30T12:04:53","guid":{"rendered":"https:\/\/cbpex.com.br\/academy\/?post_type=product&#038;p=4799"},"modified":"2024-01-04T11:05:52","modified_gmt":"2024-01-04T14:05:52","slug":"pos-enfermagem-oncologica2","status":"publish","type":"product","link":"https:\/\/cbpex.com.br\/academy\/produto\/pos-enfermagem-oncologica2\/","title":{"rendered":"P\u00f3s &#8211; Enfermagem Oncol\u00f3gica"},"content":{"rendered":"","protected":false},"excerpt":{"rendered":"<p>Pol\u00edtica Nacional de Aten\u00e7\u00e3o Oncol\u00f3gica<br \/>\nPreven\u00e7\u00e3o, Diagn\u00f3stico Precoce e Controle do C\u00e2ncer<br \/>\nFisiopatologia do C\u00e2ncer<br \/>\nPsicologia das Rela\u00e7\u00f5es Humanas Aplicada<br \/>\nMetodologia do trabalho Cient\u00edfico I<br \/>\nInterven\u00e7\u00f5es de Enfermagem no Controle do C\u00e2ncer<br \/>\nAssist\u00eancia de Enfermagem Oncol\u00f3gica I: Quimioterapia e TMO<br \/>\nAssist\u00eancia de Enfermagem Oncol\u00f3gica II: Cirurgia e Radioterapia<br \/>\nAssist\u00eancia de Enfermagem Oncol\u00f3gica III: Cuidados Paliativos e Controle da dor<br \/>\nEnfermagem e Oncologia Pedi\u00e1trica<br \/>\nEpidemiologia do C\u00e2ncer<br \/>\nGest\u00e3o de Enfermagem em Unidades Cl\u00ednicas Oncol\u00f3gicas<br \/>\nMetodologia do trabalho Cient\u00edfico II<\/p>\n<p>Trabalho de Conclus\u00e3o de Curso &#8211; TCC<\/p>\n","protected":false},"featured_media":811,"template":"","meta":[],"product_cat":[57],"product_tag":[],"class_list":{"0":"post-4799","1":"product","2":"type-product","3":"status-publish","4":"has-post-thumbnail","6":"product_cat-pos_promo2","8":"first","9":"instock","10":"downloadable","11":"virtual","12":"sold-individually","13":"taxable","14":"purchasable","15":"product-type-simple"},"_links":{"self":[{"href":"https:\/\/cbpex.com.br\/academy\/wp-json\/wp\/v2\/product\/4799","targetHints":{"allow":["GET"]}}],"collection":[{"href":"https:\/\/cbpex.com.br\/academy\/wp-json\/wp\/v2\/product"}],"about":[{"href":"https:\/\/cbpex.com.br\/academy\/wp-json\/wp\/v2\/types\/product"}],"version-history":[{"count":1,"href":"https:\/\/cbpex.com.br\/academy\/wp-json\/wp\/v2\/product\/4799\/revisions"}],"predecessor-version":[{"id":4800,"href":"https:\/\/cbpex.com.br\/academy\/wp-json\/wp\/v2\/product\/4799\/revisions\/4800"}],"wp:featuredmedia":[{"embeddable":true,"href":"https:\/\/cbpex.com.br\/academy\/wp-json\/wp\/v2\/media\/811"}],"wp:attachment":[{"href":"https:\/\/cbpex.com.br\/academy\/wp-json\/wp\/v2\/media?parent=4799"}],"wp:term":[{"taxonomy":"product_cat","embeddable":true,"href":"https:\/\/cbpex.com.br\/academy\/wp-json\/wp\/v2\/product_cat?post=4799"},{"taxonomy":"product_tag","embeddable":true,"href":"https:\/\/cbpex.com.br\/academy\/wp-json\/wp\/v2\/product_tag?post=4799"}],"curies":[{"name":"wp","href":"https:\/\/api.w.org\/{rel}","templated":true}]}}