{"id":4805,"date":"2023-12-30T09:09:30","date_gmt":"2023-12-30T12:09:30","guid":{"rendered":"https:\/\/cbpex.com.br\/academy\/?post_type=product&#038;p=4805"},"modified":"2024-01-04T11:05:25","modified_gmt":"2024-01-04T14:05:25","slug":"pos-biologia-educacional-e-gestao-ambiental2","status":"publish","type":"product","link":"https:\/\/cbpex.com.br\/academy\/produto\/pos-biologia-educacional-e-gestao-ambiental2\/","title":{"rendered":"P\u00f3s &#8211; Biologia Educacional e Gest\u00e3o Ambiental"},"content":{"rendered":"","protected":false},"excerpt":{"rendered":"<h3>Gest\u00e3o Ambiental: Hist\u00f3rico e Fundamentos<br \/>\nBiologia Educacional Ambiental: Hist\u00f3rico e Fundamentos<br \/>\nGest\u00e3o e Educa\u00e7\u00e3o Ambiental nas Empresas P\u00fablicas ou Privadas<br \/>\nDesenvolvimento Sustent\u00e1vel e Meio Ambiente<br \/>\nFundamentos do Direito Ambiental<br \/>\nMetodologia do Trabalho Cient\u00edfico I<br \/>\nGest\u00e3o da utiliza\u00e7\u00e3o do Solo Rural e Manejo Ecol\u00f3gico<br \/>\nGest\u00e3o Ambiental e Utiliza\u00e7\u00e3o do Solo urbano<br \/>\nSa\u00fade P\u00fablica, Biologia Educacional Meio Ambiente<br \/>\nEduca\u00e7\u00e3o Ambiental, Patrim\u00f4nio Hist\u00f3rico e Ecoturismo<br \/>\nElabora\u00e7\u00e3o de Projetos em Educa\u00e7\u00e3o Ambiental<br \/>\nMetodologia do Ensino Superior<br \/>\nMetodologia do Trabalho Cient\u00edfico II<br \/>\nTrabalho de Conclus\u00e3o de Curso &#8211; TCC<\/h3>\n","protected":false},"featured_media":797,"template":"","meta":[],"product_cat":[57],"product_tag":[],"class_list":{"0":"post-4805","1":"product","2":"type-product","3":"status-publish","4":"has-post-thumbnail","6":"product_cat-pos_promo2","8":"first","9":"instock","10":"downloadable","11":"virtual","12":"sold-individually","13":"taxable","14":"purchasable","15":"product-type-simple"},"_links":{"self":[{"href":"https:\/\/cbpex.com.br\/academy\/wp-json\/wp\/v2\/product\/4805","targetHints":{"allow":["GET"]}}],"collection":[{"href":"https:\/\/cbpex.com.br\/academy\/wp-json\/wp\/v2\/product"}],"about":[{"href":"https:\/\/cbpex.com.br\/academy\/wp-json\/wp\/v2\/types\/product"}],"version-history":[{"count":1,"href":"https:\/\/cbpex.com.br\/academy\/wp-json\/wp\/v2\/product\/4805\/revisions"}],"predecessor-version":[{"id":4806,"href":"https:\/\/cbpex.com.br\/academy\/wp-json\/wp\/v2\/product\/4805\/revisions\/4806"}],"wp:featuredmedia":[{"embeddable":true,"href":"https:\/\/cbpex.com.br\/academy\/wp-json\/wp\/v2\/media\/797"}],"wp:attachment":[{"href":"https:\/\/cbpex.com.br\/academy\/wp-json\/wp\/v2\/media?parent=4805"}],"wp:term":[{"taxonomy":"product_cat","embeddable":true,"href":"https:\/\/cbpex.com.br\/academy\/wp-json\/wp\/v2\/product_cat?post=4805"},{"taxonomy":"product_tag","embeddable":true,"href":"https:\/\/cbpex.com.br\/academy\/wp-json\/wp\/v2\/product_tag?post=4805"}],"curies":[{"name":"wp","href":"https:\/\/api.w.org\/{rel}","templated":true}]}}