{"id":4809,"date":"2023-12-30T09:12:11","date_gmt":"2023-12-30T12:12:11","guid":{"rendered":"https:\/\/cbpex.com.br\/academy\/?post_type=product&#038;p=4809"},"modified":"2024-01-04T11:05:10","modified_gmt":"2024-01-04T14:05:10","slug":"pos-gestao-empresarial-e-de-recursos-humanos2","status":"publish","type":"product","link":"https:\/\/cbpex.com.br\/academy\/produto\/pos-gestao-empresarial-e-de-recursos-humanos2\/","title":{"rendered":"P\u00f3s &#8211; Gest\u00e3o Empresarial e de Recursos Humanos"},"content":{"rendered":"","protected":false},"excerpt":{"rendered":"<h3>Gest\u00e3o de Recursos Humanos: fundamentos e princ\u00edpios<br \/>\nPsicologia das Rela\u00e7\u00f5es Humanas e Gest\u00e3o de Pessoas<br \/>\nSele\u00e7\u00e3o e Capacita\u00e7\u00e3o de Pessoas<br \/>\nLideran\u00e7a e Motiva\u00e7\u00e3o das Pessoas<br \/>\nMetodologia do Trabalho Cient\u00edfico I<br \/>\nGest\u00e3o Integrada em Qualidade, Sa\u00fade, Seguran\u00e7a e Meio Ambiente<br \/>\nGest\u00e3o de Conhecimento<br \/>\nPsicologia do Trabalho e Motiva\u00e7\u00e3o do Trabalhador<br \/>\nGest\u00e3o de Recursos Humanos e Planejamento Estrat\u00e9gico<br \/>\nMetodologia do Ensino Superior<br \/>\nGest\u00e3o de Mudan\u00e7a nas Organiza\u00e7\u00f5es<br \/>\nGest\u00e3o de Recursos Humanos e Legisla\u00e7\u00e3o: fundamentos do Direito<br \/>\nMetodologia do Trabalho Cient\u00edfico II<br \/>\nTrabalho de Conclus\u00e3o de Curso &#8211; TCC<\/h3>\n","protected":false},"featured_media":778,"template":"","meta":[],"product_cat":[57],"product_tag":[],"class_list":{"0":"post-4809","1":"product","2":"type-product","3":"status-publish","4":"has-post-thumbnail","6":"product_cat-pos_promo2","8":"first","9":"instock","10":"downloadable","11":"virtual","12":"sold-individually","13":"taxable","14":"purchasable","15":"product-type-simple"},"_links":{"self":[{"href":"https:\/\/cbpex.com.br\/academy\/wp-json\/wp\/v2\/product\/4809","targetHints":{"allow":["GET"]}}],"collection":[{"href":"https:\/\/cbpex.com.br\/academy\/wp-json\/wp\/v2\/product"}],"about":[{"href":"https:\/\/cbpex.com.br\/academy\/wp-json\/wp\/v2\/types\/product"}],"version-history":[{"count":1,"href":"https:\/\/cbpex.com.br\/academy\/wp-json\/wp\/v2\/product\/4809\/revisions"}],"predecessor-version":[{"id":4810,"href":"https:\/\/cbpex.com.br\/academy\/wp-json\/wp\/v2\/product\/4809\/revisions\/4810"}],"wp:featuredmedia":[{"embeddable":true,"href":"https:\/\/cbpex.com.br\/academy\/wp-json\/wp\/v2\/media\/778"}],"wp:attachment":[{"href":"https:\/\/cbpex.com.br\/academy\/wp-json\/wp\/v2\/media?parent=4809"}],"wp:term":[{"taxonomy":"product_cat","embeddable":true,"href":"https:\/\/cbpex.com.br\/academy\/wp-json\/wp\/v2\/product_cat?post=4809"},{"taxonomy":"product_tag","embeddable":true,"href":"https:\/\/cbpex.com.br\/academy\/wp-json\/wp\/v2\/product_tag?post=4809"}],"curies":[{"name":"wp","href":"https:\/\/api.w.org\/{rel}","templated":true}]}}