{"id":4811,"date":"2023-12-30T09:13:13","date_gmt":"2023-12-30T12:13:13","guid":{"rendered":"https:\/\/cbpex.com.br\/academy\/?post_type=product&#038;p=4811"},"modified":"2024-01-04T11:05:01","modified_gmt":"2024-01-04T14:05:01","slug":"pos-gestao-hospitalar-e-em-servicos-de-saude2","status":"publish","type":"product","link":"https:\/\/cbpex.com.br\/academy\/produto\/pos-gestao-hospitalar-e-em-servicos-de-saude2\/","title":{"rendered":"P\u00f3s &#8211; Gest\u00e3o Hospitalar e em Servi\u00e7os de Sa\u00fade"},"content":{"rendered":"","protected":false},"excerpt":{"rendered":"<h3>Gest\u00e3o e Controle de Epidemiologia e de Infec\u00e7\u00f5es Hospitalares<br \/>\nPsicologia das Rela\u00e7\u00f5es Humanas Aplicada<br \/>\n\u00c9tica, Bio\u00e9tica e Responsabilidade Social<br \/>\nGest\u00e3o de Servi\u00e7os de Sa\u00fade<br \/>\nMetodologia do Trabalho Cient\u00edfico I<br \/>\nGest\u00e3o de Qualidade e Acredita\u00e7\u00e3o Hospitalar<br \/>\nGest\u00e3o Empresarial e de Custos Hospitalares<br \/>\nGest\u00e3o de Pessoas e de Servi\u00e7os de Apoio Cl\u00ednico<br \/>\nGest\u00e3o e Educa\u00e7\u00e3o para a Sa\u00fade<br \/>\nLegisla\u00e7\u00e3o Hospitalar e do Consumidor<br \/>\nGest\u00e3o de Marketing Hospitalar e de Servi\u00e7os de Sa\u00fade<br \/>\nSistemas de Sa\u00fade Brasileiro e de Informa\u00e7\u00f5es Gerenciais Hospitalares<br \/>\nMetodologia do Trabalho Cient\u00edfico II<br \/>\nTrabalho de Conclus\u00e3o de Curso &#8211; TCC<\/h3>\n","protected":false},"featured_media":781,"template":"","meta":[],"product_cat":[57],"product_tag":[],"class_list":{"0":"post-4811","1":"product","2":"type-product","3":"status-publish","4":"has-post-thumbnail","6":"product_cat-pos_promo2","8":"first","9":"instock","10":"downloadable","11":"virtual","12":"sold-individually","13":"taxable","14":"purchasable","15":"product-type-simple"},"_links":{"self":[{"href":"https:\/\/cbpex.com.br\/academy\/wp-json\/wp\/v2\/product\/4811","targetHints":{"allow":["GET"]}}],"collection":[{"href":"https:\/\/cbpex.com.br\/academy\/wp-json\/wp\/v2\/product"}],"about":[{"href":"https:\/\/cbpex.com.br\/academy\/wp-json\/wp\/v2\/types\/product"}],"version-history":[{"count":1,"href":"https:\/\/cbpex.com.br\/academy\/wp-json\/wp\/v2\/product\/4811\/revisions"}],"predecessor-version":[{"id":4812,"href":"https:\/\/cbpex.com.br\/academy\/wp-json\/wp\/v2\/product\/4811\/revisions\/4812"}],"wp:featuredmedia":[{"embeddable":true,"href":"https:\/\/cbpex.com.br\/academy\/wp-json\/wp\/v2\/media\/781"}],"wp:attachment":[{"href":"https:\/\/cbpex.com.br\/academy\/wp-json\/wp\/v2\/media?parent=4811"}],"wp:term":[{"taxonomy":"product_cat","embeddable":true,"href":"https:\/\/cbpex.com.br\/academy\/wp-json\/wp\/v2\/product_cat?post=4811"},{"taxonomy":"product_tag","embeddable":true,"href":"https:\/\/cbpex.com.br\/academy\/wp-json\/wp\/v2\/product_tag?post=4811"}],"curies":[{"name":"wp","href":"https:\/\/api.w.org\/{rel}","templated":true}]}}