{"id":4815,"date":"2023-12-30T09:15:31","date_gmt":"2023-12-30T12:15:31","guid":{"rendered":"https:\/\/cbpex.com.br\/academy\/?post_type=product&#038;p=4815"},"modified":"2024-01-04T11:02:36","modified_gmt":"2024-01-04T14:02:36","slug":"pos-gestao-das-politicas-publicas-e-sociais2","status":"publish","type":"product","link":"https:\/\/cbpex.com.br\/academy\/produto\/pos-gestao-das-politicas-publicas-e-sociais2\/","title":{"rendered":"P\u00f3s &#8211; Gest\u00e3o das Pol\u00edticas P\u00fablicas e Sociais"},"content":{"rendered":"","protected":false},"excerpt":{"rendered":"<h3>Gest\u00e3o Das Pol\u00edticas P\u00fablicas E Sociais<br \/>\nPlanejamento Estrat\u00e9gico<br \/>\nGest\u00e3o Em Pol\u00edticas Sociais De Assist\u00eancia Social<br \/>\nMetodologia Do Trabalho Cient\u00edfico I<br \/>\nGest\u00e3o Do Terceiro Setor<br \/>\nPesquisa E Diagn\u00f3stico Social<br \/>\nFundamentos S\u00f3cio-Hist\u00f3ricos Das Pol\u00edticas Sociais<br \/>\nPlanejamento, Gerenciamento E Execu\u00e7\u00e3o De Projetos Sociais<br \/>\nProcessos De Trabalhos Na Pol\u00edtica Social<br \/>\nGest\u00e3o Em Pol\u00edticas Sociais De Previd\u00eancia Social<br \/>\nGest\u00e3o Em Pol\u00edtica Social De Sa\u00fade (Com \u00canfase Em Laudo E Parecer)<br \/>\nGest\u00e3o Em Pol\u00edtica Social De Educa\u00e7\u00e3o<br \/>\nGest\u00e3o Em Pol\u00edtica Social Do Sistema S\u00f3cio-Jur\u00eddico<br \/>\nMetodologia Do Trabalho Cientifico<\/h3>\n","protected":false},"featured_media":771,"template":"","meta":[],"product_cat":[57],"product_tag":[],"class_list":{"0":"post-4815","1":"product","2":"type-product","3":"status-publish","4":"has-post-thumbnail","6":"product_cat-pos_promo2","8":"first","9":"instock","10":"downloadable","11":"virtual","12":"sold-individually","13":"taxable","14":"purchasable","15":"product-type-simple"},"_links":{"self":[{"href":"https:\/\/cbpex.com.br\/academy\/wp-json\/wp\/v2\/product\/4815","targetHints":{"allow":["GET"]}}],"collection":[{"href":"https:\/\/cbpex.com.br\/academy\/wp-json\/wp\/v2\/product"}],"about":[{"href":"https:\/\/cbpex.com.br\/academy\/wp-json\/wp\/v2\/types\/product"}],"version-history":[{"count":2,"href":"https:\/\/cbpex.com.br\/academy\/wp-json\/wp\/v2\/product\/4815\/revisions"}],"predecessor-version":[{"id":4842,"href":"https:\/\/cbpex.com.br\/academy\/wp-json\/wp\/v2\/product\/4815\/revisions\/4842"}],"wp:featuredmedia":[{"embeddable":true,"href":"https:\/\/cbpex.com.br\/academy\/wp-json\/wp\/v2\/media\/771"}],"wp:attachment":[{"href":"https:\/\/cbpex.com.br\/academy\/wp-json\/wp\/v2\/media?parent=4815"}],"wp:term":[{"taxonomy":"product_cat","embeddable":true,"href":"https:\/\/cbpex.com.br\/academy\/wp-json\/wp\/v2\/product_cat?post=4815"},{"taxonomy":"product_tag","embeddable":true,"href":"https:\/\/cbpex.com.br\/academy\/wp-json\/wp\/v2\/product_tag?post=4815"}],"curies":[{"name":"wp","href":"https:\/\/api.w.org\/{rel}","templated":true}]}}