{"id":4817,"date":"2023-12-30T09:16:21","date_gmt":"2023-12-30T12:16:21","guid":{"rendered":"https:\/\/cbpex.com.br\/academy\/?post_type=product&#038;p=4817"},"modified":"2024-01-04T11:02:19","modified_gmt":"2024-01-04T14:02:19","slug":"pos-psicologia-positiva2","status":"publish","type":"product","link":"https:\/\/cbpex.com.br\/academy\/produto\/pos-psicologia-positiva2\/","title":{"rendered":"P\u00f3s &#8211; Psicologia Positiva"},"content":{"rendered":"","protected":false},"excerpt":{"rendered":"<h3>Psicologia Positiva: Hist\u00f3rico e Fundamentos Cient\u00edficos<br \/>\nMindfulness e Flow: T\u00e9cnica e Caminhos de Vida Integral<br \/>\nPsicologia das Rela\u00e7\u00f5es Humanas Aplicada \u00e0 Psicologia Positiva<br \/>\nPsicologia do Desenvolvimento Humano<br \/>\nMetodologia do Trabalho Cient\u00edfico I<br \/>\nFelicidade Aut\u00eantica e Modelo PERMA: Fundamentos para \u00e0 Vida<br \/>\nNeuroci\u00eancia e Positividade<br \/>\nPsicologia Positiva e Ferramentas para o Desenvolvimento Pessoal<br \/>\nEduca\u00e7\u00e3o Positiva<br \/>\nPsicologia Positiva: Virtudes e For\u00e7as Pessoais<br \/>\nIntelig\u00eancia Emocional e Emo\u00e7\u00f5es Positivas<br \/>\nMetodologia do Trabalho Cient\u00edfico II.<br \/>\nTrabalho de Conclus\u00e3o de Curso &#8211; TCC<\/h3>\n","protected":false},"featured_media":784,"template":"","meta":[],"product_cat":[57],"product_tag":[],"class_list":{"0":"post-4817","1":"product","2":"type-product","3":"status-publish","4":"has-post-thumbnail","6":"product_cat-pos_promo2","8":"first","9":"instock","10":"downloadable","11":"virtual","12":"sold-individually","13":"taxable","14":"purchasable","15":"product-type-simple"},"_links":{"self":[{"href":"https:\/\/cbpex.com.br\/academy\/wp-json\/wp\/v2\/product\/4817","targetHints":{"allow":["GET"]}}],"collection":[{"href":"https:\/\/cbpex.com.br\/academy\/wp-json\/wp\/v2\/product"}],"about":[{"href":"https:\/\/cbpex.com.br\/academy\/wp-json\/wp\/v2\/types\/product"}],"version-history":[{"count":1,"href":"https:\/\/cbpex.com.br\/academy\/wp-json\/wp\/v2\/product\/4817\/revisions"}],"predecessor-version":[{"id":4818,"href":"https:\/\/cbpex.com.br\/academy\/wp-json\/wp\/v2\/product\/4817\/revisions\/4818"}],"wp:featuredmedia":[{"embeddable":true,"href":"https:\/\/cbpex.com.br\/academy\/wp-json\/wp\/v2\/media\/784"}],"wp:attachment":[{"href":"https:\/\/cbpex.com.br\/academy\/wp-json\/wp\/v2\/media?parent=4817"}],"wp:term":[{"taxonomy":"product_cat","embeddable":true,"href":"https:\/\/cbpex.com.br\/academy\/wp-json\/wp\/v2\/product_cat?post=4817"},{"taxonomy":"product_tag","embeddable":true,"href":"https:\/\/cbpex.com.br\/academy\/wp-json\/wp\/v2\/product_tag?post=4817"}],"curies":[{"name":"wp","href":"https:\/\/api.w.org\/{rel}","templated":true}]}}