{"id":4827,"date":"2023-12-30T09:20:52","date_gmt":"2023-12-30T12:20:52","guid":{"rendered":"https:\/\/cbpex.com.br\/academy\/?post_type=product&#038;p=4827"},"modified":"2024-01-04T11:01:41","modified_gmt":"2024-01-04T14:01:41","slug":"pos-sexualidade-humana2","status":"publish","type":"product","link":"https:\/\/cbpex.com.br\/academy\/produto\/pos-sexualidade-humana2\/","title":{"rendered":"P\u00f3s &#8211; Sexualidade Humana"},"content":{"rendered":"","protected":false},"excerpt":{"rendered":"<h3>Hist\u00f3ria da Sexualidade.<br \/>\nBases Anat\u00f4micas e Fisiol\u00f3gicas da Sexualidade Humana<br \/>\nDesenvolvimento Humano e Sexualidade<br \/>\nPsicologia das Rela\u00e7\u00f5es Humanas e Sexualidade<br \/>\nMetodologia do Trabalho Cient\u00edfico I<br \/>\nDisfun\u00e7\u00f5es Sexuais<br \/>\nTratamento das Disfun\u00e7\u00f5es Sexuais Masculina e Feminina<br \/>\nPsicologia e Psicopatologia da Sexualidade Humana<br \/>\nVaria\u00e7\u00f5es da Pratica Sexual: Dimens\u00e3o Antropol\u00f3gica e Cultural<br \/>\n\u00c9tica e Bio\u00e9tica<br \/>\nFundamentos da Terapia e da Sexologia Cl\u00ednica<br \/>\nMetodologia do Ensino Superior<br \/>\nEduca\u00e7\u00e3o Sexual<br \/>\nMetodologia do Trabalho Cient\u00edfico II<br \/>\nTrabalho de Conclus\u00e3o de Curso &#8211; TCC<\/h3>\n","protected":false},"featured_media":800,"template":"","meta":[],"product_cat":[57],"product_tag":[],"class_list":{"0":"post-4827","1":"product","2":"type-product","3":"status-publish","4":"has-post-thumbnail","6":"product_cat-pos_promo2","8":"first","9":"instock","10":"featured","11":"downloadable","12":"virtual","13":"sold-individually","14":"taxable","15":"purchasable","16":"product-type-simple"},"_links":{"self":[{"href":"https:\/\/cbpex.com.br\/academy\/wp-json\/wp\/v2\/product\/4827","targetHints":{"allow":["GET"]}}],"collection":[{"href":"https:\/\/cbpex.com.br\/academy\/wp-json\/wp\/v2\/product"}],"about":[{"href":"https:\/\/cbpex.com.br\/academy\/wp-json\/wp\/v2\/types\/product"}],"version-history":[{"count":2,"href":"https:\/\/cbpex.com.br\/academy\/wp-json\/wp\/v2\/product\/4827\/revisions"}],"predecessor-version":[{"id":4841,"href":"https:\/\/cbpex.com.br\/academy\/wp-json\/wp\/v2\/product\/4827\/revisions\/4841"}],"wp:featuredmedia":[{"embeddable":true,"href":"https:\/\/cbpex.com.br\/academy\/wp-json\/wp\/v2\/media\/800"}],"wp:attachment":[{"href":"https:\/\/cbpex.com.br\/academy\/wp-json\/wp\/v2\/media?parent=4827"}],"wp:term":[{"taxonomy":"product_cat","embeddable":true,"href":"https:\/\/cbpex.com.br\/academy\/wp-json\/wp\/v2\/product_cat?post=4827"},{"taxonomy":"product_tag","embeddable":true,"href":"https:\/\/cbpex.com.br\/academy\/wp-json\/wp\/v2\/product_tag?post=4827"}],"curies":[{"name":"wp","href":"https:\/\/api.w.org\/{rel}","templated":true}]}}