{"id":206,"date":"2021-03-17T18:52:14","date_gmt":"2021-03-17T21:52:14","guid":{"rendered":"http:\/\/cbpex.com.br\/cbpex\/?page_id=206"},"modified":"2021-03-23T23:11:25","modified_gmt":"2021-03-24T02:11:25","slug":"institucional","status":"publish","type":"page","link":"https:\/\/cbpex.com.br\/cbpex\/institucional\/","title":{"rendered":"Institucional"},"content":{"rendered":"\t\t<div data-elementor-type=\"wp-page\" data-elementor-id=\"206\" class=\"elementor elementor-206\" data-elementor-settings=\"[]\">\n\t\t\t\t\t\t<div class=\"elementor-inner\">\n\t\t\t\t\t\t\t<div class=\"elementor-section-wrap\">\n\t\t\t\t\t\t\t<section class=\"elementor-section elementor-top-section elementor-element elementor-element-6d56b20 elementor-section-boxed elementor-section-height-default elementor-section-height-default\" data-id=\"6d56b20\" data-element_type=\"section\" data-settings=\"{&quot;background_background&quot;:&quot;classic&quot;}\">\n\t\t\t\t\t\t<div class=\"elementor-container elementor-column-gap-default\">\n\t\t\t\t\t\t\t<div class=\"elementor-row\">\n\t\t\t\t\t<div class=\"elementor-column elementor-col-100 elementor-top-column elementor-element elementor-element-9f20529\" data-id=\"9f20529\" data-element_type=\"column\">\n\t\t\t<div class=\"elementor-column-wrap elementor-element-populated\">\n\t\t\t\t\t\t\t<div class=\"elementor-widget-wrap\">\n\t\t\t\t\t\t<div class=\"elementor-element elementor-element-5d18275 elementor-view-framed elementor-position-left elementor-vertical-align-middle elementor-shape-circle elementor-widget elementor-widget-icon-box\" data-id=\"5d18275\" data-element_type=\"widget\" data-widget_type=\"icon-box.default\">\n\t\t\t\t<div class=\"elementor-widget-container\">\n\t\t\t\t\t<div class=\"elementor-icon-box-wrapper\">\n\t\t\t\t\t\t<div class=\"elementor-icon-box-icon\">\n\t\t\t\t<span class=\"elementor-icon elementor-animation-\" >\n\t\t\t\t<i aria-hidden=\"true\" class=\"fas fa-city\"><\/i>\t\t\t\t<\/span>\n\t\t\t<\/div>\n\t\t\t\t\t\t<div class=\"elementor-icon-box-content\">\n\t\t\t\t<h5 class=\"elementor-icon-box-title\">\n\t\t\t\t\t<span  >\n\t\t\t\t\t\tConhe\u00e7a a CBPEX\t\t\t\t\t<\/span>\n\t\t\t\t<\/h5>\n\t\t\t\t\t\t\t<\/div>\n\t\t<\/div>\n\t\t\t\t<\/div>\n\t\t\t\t<\/div>\n\t\t\t\t\t\t<\/div>\n\t\t\t\t\t<\/div>\n\t\t<\/div>\n\t\t\t\t\t\t\t\t<\/div>\n\t\t\t\t\t<\/div>\n\t\t<\/section>\n\t\t\t\t<section class=\"elementor-section elementor-top-section elementor-element elementor-element-c7c018d elementor-section-boxed elementor-section-height-default elementor-section-height-default\" data-id=\"c7c018d\" data-element_type=\"section\" data-settings=\"{&quot;background_background&quot;:&quot;classic&quot;}\">\n\t\t\t\t\t\t<div class=\"elementor-container elementor-column-gap-default\">\n\t\t\t\t\t\t\t<div class=\"elementor-row\">\n\t\t\t\t\t<div class=\"elementor-column elementor-col-50 elementor-top-column elementor-element elementor-element-55fbb21\" data-id=\"55fbb21\" data-element_type=\"column\">\n\t\t\t<div class=\"elementor-column-wrap elementor-element-populated\">\n\t\t\t\t\t\t\t<div class=\"elementor-widget-wrap\">\n\t\t\t\t\t\t<div class=\"elementor-element elementor-element-5c81880 elementor-arrows-position-inside elementor-widget elementor-widget-image-carousel\" data-id=\"5c81880\" data-element_type=\"widget\" data-settings=\"{&quot;slides_to_show&quot;:&quot;1&quot;,&quot;navigation&quot;:&quot;arrows&quot;,&quot;effect&quot;:&quot;fade&quot;,&quot;autoplay&quot;:&quot;yes&quot;,&quot;pause_on_hover&quot;:&quot;yes&quot;,&quot;pause_on_interaction&quot;:&quot;yes&quot;,&quot;autoplay_speed&quot;:5000,&quot;infinite&quot;:&quot;yes&quot;,&quot;speed&quot;:500}\" data-widget_type=\"image-carousel.default\">\n\t\t\t\t<div class=\"elementor-widget-container\">\n\t\t\t\t\t<div class=\"elementor-image-carousel-wrapper swiper-container\" dir=\"rtl\">\n\t\t\t<div class=\"elementor-image-carousel swiper-wrapper swiper-image-stretch\">\n\t\t\t\t\t\t\t\t<div class=\"swiper-slide\"><figure class=\"swiper-slide-inner\"><img class=\"swiper-slide-image\" src=\"https:\/\/cbpex.com.br\/cbpex\/wp-content\/uploads\/2021\/03\/CENAS-FABEX.Still001.jpg\" alt=\"CENAS FABEX.Still001\" \/><\/figure><\/div><div class=\"swiper-slide\"><figure class=\"swiper-slide-inner\"><img class=\"swiper-slide-image\" src=\"https:\/\/cbpex.com.br\/cbpex\/wp-content\/uploads\/2021\/03\/MONTA-FABEX-30.Still006.jpg\" alt=\"MONTA FABEX 30.Still006\" \/><\/figure><\/div><div class=\"swiper-slide\"><figure class=\"swiper-slide-inner\"><img class=\"swiper-slide-image\" src=\"https:\/\/cbpex.com.br\/cbpex\/wp-content\/uploads\/2021\/03\/MONTA-FABEX-30.Still007.jpg\" alt=\"MONTA FABEX 30.Still007\" \/><\/figure><\/div><div class=\"swiper-slide\"><figure class=\"swiper-slide-inner\"><img class=\"swiper-slide-image\" src=\"https:\/\/cbpex.com.br\/cbpex\/wp-content\/uploads\/2021\/03\/MONTA-FABEX-30.Still008.jpg\" alt=\"MONTA FABEX 30.Still008\" \/><\/figure><\/div><div class=\"swiper-slide\"><figure class=\"swiper-slide-inner\"><img class=\"swiper-slide-image\" src=\"https:\/\/cbpex.com.br\/cbpex\/wp-content\/uploads\/2021\/03\/MONTA-FABEX-30.Still010.jpg\" alt=\"MONTA FABEX 30.Still010\" \/><\/figure><\/div><div class=\"swiper-slide\"><figure class=\"swiper-slide-inner\"><img class=\"swiper-slide-image\" src=\"https:\/\/cbpex.com.br\/cbpex\/wp-content\/uploads\/2021\/03\/MONTA-FABEX-30.Still012.jpg\" alt=\"MONTA FABEX 30.Still012\" \/><\/figure><\/div><div class=\"swiper-slide\"><figure class=\"swiper-slide-inner\"><img class=\"swiper-slide-image\" src=\"https:\/\/cbpex.com.br\/cbpex\/wp-content\/uploads\/2021\/03\/MONTA-FABEX-30.Still015.jpg\" alt=\"MONTA FABEX 30.Still015\" \/><\/figure><\/div><div class=\"swiper-slide\"><figure class=\"swiper-slide-inner\"><img class=\"swiper-slide-image\" src=\"https:\/\/cbpex.com.br\/cbpex\/wp-content\/uploads\/2021\/03\/MONTA-FABEX-30.Still017.jpg\" alt=\"MONTA FABEX 30.Still017\" \/><\/figure><\/div>\t\t\t<\/div>\n\t\t\t\t\t\t\t\t\t\t\t\t\t\t\t\t<div class=\"elementor-swiper-button elementor-swiper-button-prev\">\n\t\t\t\t\t\t<i aria-hidden=\"true\" class=\"eicon-chevron-left\"><\/i>\t\t\t\t\t\t<span class=\"elementor-screen-only\">Anterior<\/span>\n\t\t\t\t\t<\/div>\n\t\t\t\t\t<div class=\"elementor-swiper-button elementor-swiper-button-next\">\n\t\t\t\t\t\t<i aria-hidden=\"true\" class=\"eicon-chevron-right\"><\/i>\t\t\t\t\t\t<span class=\"elementor-screen-only\">Pr\u00f3ximo<\/span>\n\t\t\t\t\t<\/div>\n\t\t\t\t\t\t\t\t\t<\/div>\n\t\t\t\t<\/div>\n\t\t\t\t<\/div>\n\t\t\t\t\t\t<\/div>\n\t\t\t\t\t<\/div>\n\t\t<\/div>\n\t\t\t\t<div class=\"elementor-column elementor-col-50 elementor-top-column elementor-element elementor-element-95f9cd8\" data-id=\"95f9cd8\" data-element_type=\"column\">\n\t\t\t<div class=\"elementor-column-wrap elementor-element-populated\">\n\t\t\t\t\t\t\t<div class=\"elementor-widget-wrap\">\n\t\t\t\t\t\t<div class=\"elementor-element elementor-element-abf9242 elementor-widget elementor-widget-text-editor\" data-id=\"abf9242\" data-element_type=\"widget\" data-widget_type=\"text-editor.default\">\n\t\t\t\t<div class=\"elementor-widget-container\">\n\t\t\t\t\t\t\t\t<div class=\"elementor-text-editor elementor-clearfix\">\n\t\t\t\t<p>A Consultoria Brasileira de Ensino, Pesquisa e Extens\u00e3o &#8211; CBPEX foi criada em 2001 e desde a sua g\u00eanese tem pautado a sua exist\u00eancia na \u00c9tica e na busca da excel\u00eancia dos servi\u00e7os educacionais que oferece. Para tanto, constituiu um Corpo Docente de Mestres e Doutores com vasta produ\u00e7\u00e3o acad\u00eamica, experi\u00eancia t\u00e9cnica no campo de atua\u00e7\u00e3o profissional, experi\u00eancia de ensino e vis\u00e3o humanista.<\/p>\t\t\t\t\t<\/div>\n\t\t\t\t\t\t<\/div>\n\t\t\t\t<\/div>\n\t\t\t\t\t\t<\/div>\n\t\t\t\t\t<\/div>\n\t\t<\/div>\n\t\t\t\t\t\t\t\t<\/div>\n\t\t\t\t\t<\/div>\n\t\t<\/section>\n\t\t\t\t<section class=\"elementor-section elementor-top-section elementor-element elementor-element-d818c89 elementor-section-boxed elementor-section-height-default elementor-section-height-default\" data-id=\"d818c89\" data-element_type=\"section\" data-settings=\"{&quot;background_background&quot;:&quot;classic&quot;}\">\n\t\t\t\t\t\t<div class=\"elementor-container elementor-column-gap-default\">\n\t\t\t\t\t\t\t<div class=\"elementor-row\">\n\t\t\t\t\t<div class=\"elementor-column elementor-col-100 elementor-top-column elementor-element elementor-element-5a98b1c\" data-id=\"5a98b1c\" data-element_type=\"column\">\n\t\t\t<div class=\"elementor-column-wrap elementor-element-populated\">\n\t\t\t\t\t\t\t<div class=\"elementor-widget-wrap\">\n\t\t\t\t\t\t<div class=\"elementor-element elementor-element-b20b626 elementor-widget elementor-widget-text-editor\" data-id=\"b20b626\" data-element_type=\"widget\" data-widget_type=\"text-editor.default\">\n\t\t\t\t<div class=\"elementor-widget-container\">\n\t\t\t\t\t\t\t\t<div class=\"elementor-text-editor elementor-clearfix\">\n\t\t\t\t<p><span style=\"color: var( --e-global-color-text ); font-family: var( --e-global-typography-text-font-family ), Sans-serif; font-weight: var( --e-global-typography-text-font-weight ); font-size: 1em;\">Consciente que n\u00e3o deve haver teoria sem pr\u00e1tica, nem pr\u00e1tica profissional sem teoria, utiliza uma metodologia reflexiva que busca amalgamar a teoria e a pr\u00e1tica profissional, com seus desafios e objetivos. Al\u00e9m disso, procura inspirar nos alunos o Compromisso Social, a busca permanente de novos conhecimentos e a solidariedade como fundamentos na busca de um mundo melhor.<\/span><\/p><p>A CBPEX tem um processo de avalia\u00e7\u00e3o institucional permanente e, consciente das r\u00e1pidas mudan\u00e7as no universo do conhecimento, procura regularmente atualizar os Cursos para atenderem sempre as demandas da sociedade por profissionais cientificamente preparados e socialmente comprometidos.<\/p><p>A CBPEX trabalha com Pesquisa, Assessoria Pedag\u00f3gica e, destacadamente, no universo do Ensino, onde oferece Cursos de Especializa\u00e7\u00e3o e de Atualiza\u00e7\u00e3o \/ Capacita\u00e7\u00e3o. Atualmente atua em seis Estados e no Distrito Federal. Em 2010 criou, e \u00e9 mantenedora, da Faculdade Brasileira de Ensino, Pesquisa e Extens\u00e3o &#8211; FABEX.<\/p>\t\t\t\t\t<\/div>\n\t\t\t\t\t\t<\/div>\n\t\t\t\t<\/div>\n\t\t\t\t\t\t<\/div>\n\t\t\t\t\t<\/div>\n\t\t<\/div>\n\t\t\t\t\t\t\t\t<\/div>\n\t\t\t\t\t<\/div>\n\t\t<\/section>\n\t\t\t\t<section class=\"elementor-section elementor-top-section elementor-element elementor-element-844285d elementor-section-full_width elementor-section-height-default elementor-section-height-default\" data-id=\"844285d\" data-element_type=\"section\" data-settings=\"{&quot;background_background&quot;:&quot;classic&quot;}\">\n\t\t\t\t\t\t<div class=\"elementor-container elementor-column-gap-default\">\n\t\t\t\t\t\t\t<div class=\"elementor-row\">\n\t\t\t\t\t<div class=\"elementor-column elementor-col-25 elementor-top-column elementor-element elementor-element-25e506f5\" data-id=\"25e506f5\" data-element_type=\"column\">\n\t\t\t<div class=\"elementor-column-wrap elementor-element-populated\">\n\t\t\t\t\t\t\t<div class=\"elementor-widget-wrap\">\n\t\t\t\t\t\t<div class=\"elementor-element elementor-element-538f99d1 elementor-widget elementor-widget-image\" data-id=\"538f99d1\" data-element_type=\"widget\" data-widget_type=\"image.default\">\n\t\t\t\t<div class=\"elementor-widget-container\">\n\t\t\t\t\t\t\t\t<div class=\"elementor-image\">\n\t\t\t\t\t\t\t\t\t\t\t\t<img width=\"258\" height=\"299\" src=\"https:\/\/cbpex.com.br\/cbpex\/wp-content\/uploads\/2021\/03\/Perso_02.png\" class=\"attachment-large size-large\" alt=\"\" loading=\"lazy\" sizes=\"(max-width: 34.9rem) calc(100vw - 2rem), (max-width: 53rem) calc(8 * (100vw \/ 12)), (min-width: 53rem) calc(6 * (100vw \/ 12)), 100vw\" \/>\t\t\t\t\t\t\t\t\t\t\t\t\t\t<\/div>\n\t\t\t\t\t\t<\/div>\n\t\t\t\t<\/div>\n\t\t\t\t<div class=\"elementor-element elementor-element-fcc7837 elementor-widget elementor-widget-text-editor\" data-id=\"fcc7837\" data-element_type=\"widget\" data-widget_type=\"text-editor.default\">\n\t\t\t\t<div class=\"elementor-widget-container\">\n\t\t\t\t\t\t\t\t<div class=\"elementor-text-editor elementor-clearfix\">\n\t\t\t\t<p>Curtiu nossos Cursos,<br \/>Compartilhe com seus Amigos!<\/p>\t\t\t\t\t<\/div>\n\t\t\t\t\t\t<\/div>\n\t\t\t\t<\/div>\n\t\t\t\t\t\t<\/div>\n\t\t\t\t\t<\/div>\n\t\t<\/div>\n\t\t\t\t<div class=\"elementor-column elementor-col-50 elementor-top-column elementor-element elementor-element-5a28dc54\" data-id=\"5a28dc54\" data-element_type=\"column\">\n\t\t\t<div class=\"elementor-column-wrap elementor-element-populated\">\n\t\t\t\t\t\t\t<div class=\"elementor-widget-wrap\">\n\t\t\t\t\t\t<div class=\"elementor-element elementor-element-20545957 elementor-widget elementor-widget-heading\" data-id=\"20545957\" data-element_type=\"widget\" data-widget_type=\"heading.default\">\n\t\t\t\t<div class=\"elementor-widget-container\">\n\t\t\t<h5 class=\"elementor-heading-title elementor-size-default\">P\u00d3S-GRADUA\u00c7\u00c3O CBPEX \/ FABEX:<\/h5>\t\t<\/div>\n\t\t\t\t<\/div>\n\t\t\t\t<div class=\"elementor-element elementor-element-6c3e9261 elementor-widget elementor-widget-text-editor\" data-id=\"6c3e9261\" data-element_type=\"widget\" data-widget_type=\"text-editor.default\">\n\t\t\t\t<div class=\"elementor-widget-container\">\n\t\t\t\t\t\t\t\t<div class=\"elementor-text-editor elementor-clearfix\">\n\t\t\t\t<p># Est\u00e1 em sintonia com o que h\u00e1 de mais atual nos melhores Centros Acad\u00eamicos do Pa\u00eds;<\/p><p># Quadro de Professores formado por Mestres e Doutores, com larga experi\u00eancia nos seus campos de atua\u00e7\u00e3o;<\/p><p># Planejado no sistema de m\u00f3dulos mensais, permitindo que os alunos possam conciliar o trabalho com os estudos;<\/p><p># Utiliza uma metodologia motivadora e um enfoque te\u00f3rico voltado para a pr\u00e1tica. A teoria dialogando com os desafios da realidade.<\/p>\t\t\t\t\t<\/div>\n\t\t\t\t\t\t<\/div>\n\t\t\t\t<\/div>\n\t\t\t\t\t\t<\/div>\n\t\t\t\t\t<\/div>\n\t\t<\/div>\n\t\t\t\t<div class=\"elementor-column elementor-col-25 elementor-top-column elementor-element elementor-element-5116982d\" data-id=\"5116982d\" data-element_type=\"column\">\n\t\t\t<div class=\"elementor-column-wrap elementor-element-populated\">\n\t\t\t\t\t\t\t<div class=\"elementor-widget-wrap\">\n\t\t\t\t\t\t<div class=\"elementor-element elementor-element-3abb79d0 elementor-widget elementor-widget-facebook-page\" data-id=\"3abb79d0\" data-element_type=\"widget\" data-widget_type=\"facebook-page.default\">\n\t\t\t\t<div class=\"elementor-widget-container\">\n\t\t\t<div class=\"elementor-facebook-widget fb-page\" data-href=\"https:\/\/www.facebook.com\/cbpex.posgraduacao\" data-tabs=\"timeline\" data-height=\"500px\" data-width=\"500px\" data-small-header=\"false\" data-hide-cover=\"false\" data-show-facepile=\"true\" data-hide-cta=\"false\" style=\"min-height: 1px;height:500px\"><\/div>\t\t<\/div>\n\t\t\t\t<\/div>\n\t\t\t\t\t\t<\/div>\n\t\t\t\t\t<\/div>\n\t\t<\/div>\n\t\t\t\t\t\t\t\t<\/div>\n\t\t\t\t\t<\/div>\n\t\t<\/section>\n\t\t\t\t\t\t<\/div>\n\t\t\t\t\t\t<\/div>\n\t\t\t\t\t<\/div>\n\t\t","protected":false},"excerpt":{"rendered":"<p>Conhe\u00e7a a CBPEX Anterior Pr\u00f3ximo A Consultoria Brasileira de Ensino, Pesquisa e Extens\u00e3o &#8211; CBPEX foi criada em 2001 e desde a sua g\u00eanese tem pautado a sua exist\u00eancia na \u00c9tica e na busca da excel\u00eancia dos servi\u00e7os educacionais que oferece. Para tanto, constituiu um Corpo Docente de Mestres e Doutores com vasta produ\u00e7\u00e3o acad\u00eamica, &hellip; <\/p>\n<p class=\"link-more\"><a href=\"https:\/\/cbpex.com.br\/cbpex\/institucional\/\" class=\"more-link\">Continue lendo<span class=\"screen-reader-text\"> &#8220;Institucional&#8221;<\/span><\/a><\/p>\n","protected":false},"author":1,"featured_media":0,"parent":0,"menu_order":0,"comment_status":"closed","ping_status":"closed","template":"elementor_header_footer","meta":{"pmpro_default_level":0},"_links":{"self":[{"href":"https:\/\/cbpex.com.br\/cbpex\/wp-json\/wp\/v2\/pages\/206"}],"collection":[{"href":"https:\/\/cbpex.com.br\/cbpex\/wp-json\/wp\/v2\/pages"}],"about":[{"href":"https:\/\/cbpex.com.br\/cbpex\/wp-json\/wp\/v2\/types\/page"}],"author":[{"embeddable":true,"href":"https:\/\/cbpex.com.br\/cbpex\/wp-json\/wp\/v2\/users\/1"}],"replies":[{"embeddable":true,"href":"https:\/\/cbpex.com.br\/cbpex\/wp-json\/wp\/v2\/comments?post=206"}],"version-history":[{"count":21,"href":"https:\/\/cbpex.com.br\/cbpex\/wp-json\/wp\/v2\/pages\/206\/revisions"}],"predecessor-version":[{"id":333,"href":"https:\/\/cbpex.com.br\/cbpex\/wp-json\/wp\/v2\/pages\/206\/revisions\/333"}],"wp:attachment":[{"href":"https:\/\/cbpex.com.br\/cbpex\/wp-json\/wp\/v2\/media?parent=206"}],"curies":[{"name":"wp","href":"https:\/\/api.w.org\/{rel}","templated":true}]}}