{"id":267,"date":"2021-03-18T09:39:34","date_gmt":"2021-03-18T12:39:34","guid":{"rendered":"http:\/\/cbpex.com.br\/cbpex\/?page_id=267"},"modified":"2021-03-23T23:12:43","modified_gmt":"2021-03-24T02:12:43","slug":"area-do-aluno","status":"publish","type":"page","link":"https:\/\/cbpex.com.br\/cbpex\/area-do-aluno\/","title":{"rendered":"area_do_aluno"},"content":{"rendered":"\t\t<div data-elementor-type=\"wp-page\" data-elementor-id=\"267\" class=\"elementor elementor-267\" data-elementor-settings=\"[]\">\n\t\t\t\t\t\t<div class=\"elementor-inner\">\n\t\t\t\t\t\t\t<div class=\"elementor-section-wrap\">\n\t\t\t\t\t\t\t<section class=\"elementor-section elementor-top-section elementor-element elementor-element-6d56b20 elementor-section-boxed elementor-section-height-default elementor-section-height-default\" data-id=\"6d56b20\" data-element_type=\"section\" data-settings=\"{&quot;background_background&quot;:&quot;classic&quot;}\">\n\t\t\t\t\t\t<div class=\"elementor-container elementor-column-gap-default\">\n\t\t\t\t\t\t\t<div class=\"elementor-row\">\n\t\t\t\t\t<div class=\"elementor-column elementor-col-100 elementor-top-column elementor-element elementor-element-9f20529\" data-id=\"9f20529\" data-element_type=\"column\">\n\t\t\t<div class=\"elementor-column-wrap elementor-element-populated\">\n\t\t\t\t\t\t\t<div class=\"elementor-widget-wrap\">\n\t\t\t\t\t\t<div class=\"elementor-element elementor-element-5d18275 elementor-view-framed elementor-position-left elementor-vertical-align-middle elementor-shape-circle elementor-widget elementor-widget-icon-box\" data-id=\"5d18275\" data-element_type=\"widget\" data-widget_type=\"icon-box.default\">\n\t\t\t\t<div class=\"elementor-widget-container\">\n\t\t\t\t\t<div class=\"elementor-icon-box-wrapper\">\n\t\t\t\t\t\t<div class=\"elementor-icon-box-icon\">\n\t\t\t\t<span class=\"elementor-icon elementor-animation-\" >\n\t\t\t\t<i aria-hidden=\"true\" class=\"fas fa-cubes\"><\/i>\t\t\t\t<\/span>\n\t\t\t<\/div>\n\t\t\t\t\t\t<div class=\"elementor-icon-box-content\">\n\t\t\t\t<h5 class=\"elementor-icon-box-title\">\n\t\t\t\t\t<span  >\n\t\t\t\t\t\tSelecione o Perfil da \u00c1rea do Aluno\t\t\t\t\t<\/span>\n\t\t\t\t<\/h5>\n\t\t\t\t\t\t\t<\/div>\n\t\t<\/div>\n\t\t\t\t<\/div>\n\t\t\t\t<\/div>\n\t\t\t\t\t\t<\/div>\n\t\t\t\t\t<\/div>\n\t\t<\/div>\n\t\t\t\t\t\t\t\t<\/div>\n\t\t\t\t\t<\/div>\n\t\t<\/section>\n\t\t\t\t<section class=\"elementor-section elementor-top-section elementor-element elementor-element-0efab22 elementor-section-boxed elementor-section-height-default elementor-section-height-default\" data-id=\"0efab22\" data-element_type=\"section\" data-settings=\"{&quot;background_background&quot;:&quot;classic&quot;}\">\n\t\t\t\t\t\t<div class=\"elementor-container elementor-column-gap-default\">\n\t\t\t\t\t\t\t<div class=\"elementor-row\">\n\t\t\t\t\t<div class=\"elementor-column elementor-col-33 elementor-top-column elementor-element elementor-element-1955233\" data-id=\"1955233\" data-element_type=\"column\">\n\t\t\t<div class=\"elementor-column-wrap elementor-element-populated\">\n\t\t\t\t\t\t\t<div class=\"elementor-widget-wrap\">\n\t\t\t\t\t\t<div class=\"elementor-element elementor-element-9cf0113 elementor-position-top elementor-vertical-align-top elementor-widget elementor-widget-image-box\" data-id=\"9cf0113\" data-element_type=\"widget\" data-widget_type=\"image-box.default\">\n\t\t\t\t<div class=\"elementor-widget-container\">\n\t\t\t<div class=\"elementor-image-box-wrapper\"><figure class=\"elementor-image-box-img\"><a href=\"https:\/\/fabex.edu.br\/pos_virtual\/login\/index.php\"><img width=\"150\" height=\"150\" src=\"https:\/\/cbpex.com.br\/cbpex\/wp-content\/uploads\/2021\/03\/pos_presencial_cbpex_-1-150x150.png\" class=\"elementor-animation-shrink attachment-thumbnail size-thumbnail\" alt=\"\" loading=\"lazy\" \/><\/a><\/figure><div class=\"elementor-image-box-content\"><h6 class=\"elementor-image-box-title\"><a href=\"https:\/\/fabex.edu.br\/pos_virtual\/login\/index.php\">P\u00f3s-Gradua\u00e7\u00e3o Plataforma de Aulas a Dist\u00e2ncia<\/a><\/h6><p class=\"elementor-image-box-description\">Alunos Presenciais\n<\/p><\/div><\/div>\t\t<\/div>\n\t\t\t\t<\/div>\n\t\t\t\t\t\t<\/div>\n\t\t\t\t\t<\/div>\n\t\t<\/div>\n\t\t\t\t<div class=\"elementor-column elementor-col-33 elementor-top-column elementor-element elementor-element-3246004\" data-id=\"3246004\" data-element_type=\"column\">\n\t\t\t<div class=\"elementor-column-wrap elementor-element-populated\">\n\t\t\t\t\t\t\t<div class=\"elementor-widget-wrap\">\n\t\t\t\t\t\t<div class=\"elementor-element elementor-element-ecb51e0 elementor-position-top elementor-vertical-align-top elementor-widget elementor-widget-image-box\" data-id=\"ecb51e0\" data-element_type=\"widget\" data-widget_type=\"image-box.default\">\n\t\t\t\t<div class=\"elementor-widget-container\">\n\t\t\t<div class=\"elementor-image-box-wrapper\"><figure class=\"elementor-image-box-img\"><a href=\"https:\/\/fabex.edu.br\/pos_virtual\/login\/index.php\"><img width=\"150\" height=\"150\" src=\"https:\/\/cbpex.com.br\/cbpex\/wp-content\/uploads\/2021\/03\/pos_a_distancia_cbpex_-150x150.png\" class=\"elementor-animation-shrink attachment-thumbnail size-thumbnail\" alt=\"\" loading=\"lazy\" \/><\/a><\/figure><div class=\"elementor-image-box-content\"><h6 class=\"elementor-image-box-title\"><a href=\"https:\/\/fabex.edu.br\/pos_virtual\/login\/index.php\">P\u00f3s-Gradua\u00e7\u00e3o Plataforma de Aulas a Dist\u00e2ncia<\/a><\/h6><p class=\"elementor-image-box-description\">Alunos CBPEX Academy\n<\/p><\/div><\/div>\t\t<\/div>\n\t\t\t\t<\/div>\n\t\t\t\t\t\t<\/div>\n\t\t\t\t\t<\/div>\n\t\t<\/div>\n\t\t\t\t<div class=\"elementor-column elementor-col-33 elementor-top-column elementor-element elementor-element-5ea7eee\" data-id=\"5ea7eee\" data-element_type=\"column\">\n\t\t\t<div class=\"elementor-column-wrap elementor-element-populated\">\n\t\t\t\t\t\t\t<div class=\"elementor-widget-wrap\">\n\t\t\t\t\t\t<div class=\"elementor-element elementor-element-c633461 elementor-position-top elementor-vertical-align-top elementor-widget elementor-widget-image-box\" data-id=\"c633461\" data-element_type=\"widget\" data-widget_type=\"image-box.default\">\n\t\t\t\t<div class=\"elementor-widget-container\">\n\t\t\t<div class=\"elementor-image-box-wrapper\"><figure class=\"elementor-image-box-img\"><a href=\"http:\/\/cbpex.softcomsistemas.com.br\/autenticacao\"><img width=\"245\" height=\"57\" src=\"https:\/\/cbpex.com.br\/cbpex\/wp-content\/uploads\/2021\/03\/logo_softcom.png\" class=\"elementor-animation-shrink attachment-medium size-medium\" alt=\"\" loading=\"lazy\" \/><\/a><\/figure><div class=\"elementor-image-box-content\"><h6 class=\"elementor-image-box-title\"><a href=\"http:\/\/cbpex.softcomsistemas.com.br\/autenticacao\">Acesso a hist\u00f3rico e financeiro<\/a><\/h6><p class=\"elementor-image-box-description\">Todos os Alunos CBPEX \/ FABEX\n<\/p><\/div><\/div>\t\t<\/div>\n\t\t\t\t<\/div>\n\t\t\t\t\t\t<\/div>\n\t\t\t\t\t<\/div>\n\t\t<\/div>\n\t\t\t\t\t\t\t\t<\/div>\n\t\t\t\t\t<\/div>\n\t\t<\/section>\n\t\t\t\t\t\t<\/div>\n\t\t\t\t\t\t<\/div>\n\t\t\t\t\t<\/div>\n\t\t","protected":false},"excerpt":{"rendered":"<p>Selecione o Perfil da \u00c1rea do Aluno P\u00f3s-Gradua\u00e7\u00e3o Plataforma de Aulas a Dist\u00e2ncia Alunos Presenciais P\u00f3s-Gradua\u00e7\u00e3o Plataforma de Aulas a Dist\u00e2ncia Alunos CBPEX Academy Acesso a hist\u00f3rico e financeiro Todos os Alunos CBPEX \/ FABEX<\/p>\n","protected":false},"author":1,"featured_media":0,"parent":0,"menu_order":0,"comment_status":"closed","ping_status":"closed","template":"elementor_header_footer","meta":{"pmpro_default_level":0},"_links":{"self":[{"href":"https:\/\/cbpex.com.br\/cbpex\/wp-json\/wp\/v2\/pages\/267"}],"collection":[{"href":"https:\/\/cbpex.com.br\/cbpex\/wp-json\/wp\/v2\/pages"}],"about":[{"href":"https:\/\/cbpex.com.br\/cbpex\/wp-json\/wp\/v2\/types\/page"}],"author":[{"embeddable":true,"href":"https:\/\/cbpex.com.br\/cbpex\/wp-json\/wp\/v2\/users\/1"}],"replies":[{"embeddable":true,"href":"https:\/\/cbpex.com.br\/cbpex\/wp-json\/wp\/v2\/comments?post=267"}],"version-history":[{"count":18,"href":"https:\/\/cbpex.com.br\/cbpex\/wp-json\/wp\/v2\/pages\/267\/revisions"}],"predecessor-version":[{"id":340,"href":"https:\/\/cbpex.com.br\/cbpex\/wp-json\/wp\/v2\/pages\/267\/revisions\/340"}],"wp:attachment":[{"href":"https:\/\/cbpex.com.br\/cbpex\/wp-json\/wp\/v2\/media?parent=267"}],"curies":[{"name":"wp","href":"https:\/\/api.w.org\/{rel}","templated":true}]}}